{"id":946,"date":"2026-02-12T20:51:02","date_gmt":"2026-02-12T20:51:02","guid":{"rendered":"https:\/\/physioatelier.ch\/fr\/?page_id=946"},"modified":"2026-02-12T20:51:02","modified_gmt":"2026-02-12T20:51:02","slug":"flavia-thomi","status":"publish","type":"page","link":"https:\/\/physioatelier.ch\/fr\/equipe\/flavia-thomi\/","title":{"rendered":"Flavia Thomi"},"content":{"rendered":"<div class=\"div-custom-background\">\n<div class=\"wp-block-image\">\n<figure class=\"aligncenter size-large is-resized\">\n            <img loading=\"lazy\" decoding=\"async\" class=\"img-custom-single wp-image-186\" src=\"https:\/\/physioatelier.ch\/de\/wp-content\/uploads\/ProfilePictureFlavia\n.jpg\" alt=\"\" width=\"512\" height=\"384\"><br \/>\n        <\/figure>\n<\/p><\/div>\n<p>Je suis n\u00e9 et j&#8217;ai grandi \u00e0 Pratteln, dans le canton de B\u00e2le-Campagne. Tr\u00e8s t\u00f4t, j&#8217;ai montr\u00e9 un grand int\u00e9r\u00eat pour l&#8217;activit\u00e9 physique. Plus tard, cette passion s&#8217;est accompagn\u00e9e d&#8217;une soif de connaissances en anatomie et en physiologie, ainsi que d&#8217;un besoin d&#8217;aider les autres. Il \u00e9tait donc tout naturel pour moi de me lancer dans des \u00e9tudes de physioth\u00e9rapie.<\/p>\n<p>Dans le cadre d&#8217;un stage effectu\u00e9 pendant mes \u00e9tudes, j&#8217;ai pu d\u00e9couvrir et appr\u00e9cier la physioth\u00e9rapie neurologique dans la pratique. Ce domaine ne cesse de me fasciner par sa diversit\u00e9 et sa complexit\u00e9. J&#8217;ai approfondi mes connaissances en suivant des formations continues. Le cours de base sur l&#8217;utilisation forc\u00e9e m&#8217;a beaucoup enthousiasm\u00e9 et a consid\u00e9rablement influenc\u00e9 mon travail.<\/p>\n<p>Je prends beaucoup de plaisir \u00e0 aider les gens \u00e0 atteindre leurs objectifs. La diversit\u00e9 de la physioth\u00e9rapie m&#8217;offre sans cesse de nouveaux d\u00e9fis qui me permettent de m&#8217;\u00e9panouir.<\/p>\n<p>Mes loisirs sont encore aujourd&#8217;hui influenc\u00e9s par le plaisir de bouger que j&#8217;ai mentionn\u00e9 au d\u00e9but. Ma fa\u00e7on pr\u00e9f\u00e9r\u00e9e de bouger reste la danse, que je pratique avec passion depuis mon enfance. Sinon, j&#8217;aime beaucoup \u00eatre dans, sous et sur l&#8217;eau, faire du jogging, du v\u00e9lo, essayer de nouveaux sports et, dans la mesure du possible, combiner mes activit\u00e9s avec un caf\u00e9 entre amis.<\/p>\n<\/div>\n<p class=\"p-custom\">Formation \/ Formation continue<\/p>\n<div class=\"content\">\n<hr>\n<div class=\"row\">\n<div class=\"col-sm-2\"><em>2025<\/em><\/div>\n<div class=\"col\">Forced Use Th\u00e9rapie Utley\/Woll \u2013 cours de base (IFUSA)<\/div>\n<\/p><\/div>\n<hr>\n<div class=\"row\">\n<div class=\"col-sm-2\"><em>2024<\/em><\/div>\n<div class=\"col\">Th\u00e9rapie manuelle en cas de spasticit\u00e9 et d&#8217;hypertonie (IFUSA)<\/div>\n<\/p><\/div>\n<hr>\n<div class=\"row\">\n<div class=\"col-sm-2\"><em>2023<\/em><\/div>\n<div class=\"col\">Neuroanatomie fonctionnelle et neurophysiologie (Universit\u00e9 de B\u00e2le)<\/div>\n<\/p><\/div>\n<hr>\n<div class=\"row\">\n<div class=\"col-sm-2\"><em>2022<\/em><\/div>\n<div class=\"col\">Ataxie (Rehastudy)<\/div>\n<\/p><\/div>\n<hr>\n<div class=\"row\">\n<div class=\"col-sm-2\"><em>2022<\/em><\/div>\n<div class=\"col\">Cours th\u00e9matique ESP sur le pied (Rehastudy)<\/div>\n<\/p><\/div>\n<hr>\n<div class=\"row\">\n<div class=\"col-sm-2\"><em>2022<\/em><\/div>\n<div class=\"col\">Introduction \u00e0 la Spiraldynamik\u00ae : \u00e9cole de marche &#8211; axes des jambes (Rehastudy)<\/div>\n<\/p><\/div>\n<hr>\n<div class=\"row\">\n<div class=\"col-sm-2\"><em>2017-2021    <\/em><\/div>\n<div class=\"col\">Bachelor of Science en physioth\u00e9rapie, BFH<\/div>\n<\/p><\/div>\n<hr>\n<div class=\"row\">\n<div class=\"col-sm-2\"><em>2019<\/em><\/div>\n<div class=\"col\">Assistante sportive SSB (SART)<\/div>\n<\/p><\/div>\n<hr>\n<\/div>\n<p class=\"p-custom\">Lieux de travail<\/p>\n<div class=\"content\">\n<hr>\n<div class=\"row\">\n<div class=\"col-sm-2\"><em>Depuis 2026<\/em><\/div>\n<div class=\"col\">Physio Atelier, Bienne<\/div>\n<\/p><\/div>\n<hr>\n<div class=\"row\">\n<div class=\"col-sm-2\"><em>2021-2026<\/em><\/div>\n<div class=\"col\">Rehaklinik Tschugg AG<\/div>\n<\/p><\/div>\n<hr>\n<\/div>\n<p class=\"p-custom\">Langues<\/p>\n<div class=\"content\">\n<hr>\n<div class=\"row\">\n<div class=\"col-sm-2\"><em>Allemand<\/em><\/div>\n<div class=\"col\">Langue maternelle<\/div>\n<\/p><\/div>\n<hr>\n<div class=\"row\">\n<div class=\"col-sm-2\"><em>Anglais <\/em><\/div>\n<div class=\"col\">Courant<\/div>\n<\/p><\/div>\n<hr>\n<div class=\"row\">\n<div class=\"col-sm-2\"><em>Fran\u00e7ais <\/em><\/div>\n<div class=\"col\">Courant<\/div>\n<\/p><\/div>\n<hr>\n<\/div>\n","protected":false},"excerpt":{"rendered":"<p>Je suis n\u00e9 et j&#8217;ai grandi \u00e0 Pratteln, dans le canton de B\u00e2le-Campagne. Tr\u00e8s t\u00f4t, j&#8217;ai montr\u00e9 un grand int\u00e9r\u00eat pour l&#8217;activit\u00e9 physique. Plus tard, cette passion s&#8217;est accompagn\u00e9e d&#8217;une soif de connaissances en anatomie et en physiologie, ainsi que d&#8217;un besoin d&#8217;aider les autres. Il \u00e9tait donc tout naturel pour moi de me lancer [&hellip;]<\/p>\n","protected":false},"author":5,"featured_media":0,"parent":12,"menu_order":0,"comment_status":"closed","ping_status":"closed","template":"","meta":{"footnotes":""},"class_list":["post-946","page","type-page","status-publish","hentry"],"_links":{"self":[{"href":"https:\/\/physioatelier.ch\/fr\/wp-json\/wp\/v2\/pages\/946","targetHints":{"allow":["GET"]}}],"collection":[{"href":"https:\/\/physioatelier.ch\/fr\/wp-json\/wp\/v2\/pages"}],"about":[{"href":"https:\/\/physioatelier.ch\/fr\/wp-json\/wp\/v2\/types\/page"}],"author":[{"embeddable":true,"href":"https:\/\/physioatelier.ch\/fr\/wp-json\/wp\/v2\/users\/5"}],"replies":[{"embeddable":true,"href":"https:\/\/physioatelier.ch\/fr\/wp-json\/wp\/v2\/comments?post=946"}],"version-history":[{"count":1,"href":"https:\/\/physioatelier.ch\/fr\/wp-json\/wp\/v2\/pages\/946\/revisions"}],"predecessor-version":[{"id":947,"href":"https:\/\/physioatelier.ch\/fr\/wp-json\/wp\/v2\/pages\/946\/revisions\/947"}],"up":[{"embeddable":true,"href":"https:\/\/physioatelier.ch\/fr\/wp-json\/wp\/v2\/pages\/12"}],"wp:attachment":[{"href":"https:\/\/physioatelier.ch\/fr\/wp-json\/wp\/v2\/media?parent=946"}],"curies":[{"name":"wp","href":"https:\/\/api.w.org\/{rel}","templated":true}]}}