{"id":939,"date":"2026-01-13T19:59:20","date_gmt":"2026-01-13T19:59:20","guid":{"rendered":"https:\/\/physioatelier.ch\/fr\/?page_id=939"},"modified":"2026-01-13T19:59:41","modified_gmt":"2026-01-13T19:59:41","slug":"bikefitting","status":"publish","type":"page","link":"https:\/\/physioatelier.ch\/fr\/services\/bikefitting\/","title":{"rendered":"Bikefitting"},"content":{"rendered":"\n<p><strong>Le bikefitting<\/strong> est l\u2019adaptation individuelle d\u2019un v\u00e9lo \u00e0 votre morphologie. L\u2019objectif est de rouler de mani\u00e8re plus efficace, plus confortable et sans douleur. Nous r\u00e9alisons une analyse dynamique sur votre propre v\u00e9lo.<\/p>\n\n\n\n<p>Plus d\u2019informations sur : <a href=\"https:\/\/bikephysiolab.ch\/\" target=\"_blank\">bikephysiolab.ch<\/a><\/p>\n\n\n\n<p><strong>Indications :<\/strong><\/p>\n\n\n\n<ul class=\"wp-block-list\">\n<li>Douleurs li\u00e9es \u00e0 la selle<\/li>\n\n\n\n<li>Douleurs dorsales<\/li>\n\n\n\n<li>Douleurs aux genoux<\/li>\n\n\n\n<li>Engourdissement des mains ou des pieds<\/li>\n<\/ul>\n\n\n\n<p><strong>D\u00e9roulement d\u2019un bikefitting :<\/strong><\/p>\n\n\n\n<ul class=\"wp-block-list\">\n<li>Bilan (entretien) et d\u00e9finition des objectifs<\/li>\n\n\n\n<li>Inspection ainsi que tests de mobilit\u00e9 et de force<\/li>\n\n\n\n<li>Analyse dynamique<\/li>\n\n\n\n<li>Prise de mesures du v\u00e9lo<\/li>\n\n\n\n<li>Exercices individualis\u00e9s<\/li>\n<\/ul>\n\n\n\n<p><strong>Dur\u00e9e :<\/strong> 1 h 30 \u00e0 2 h<\/p>\n\n\n\n<p><strong>Prix :<\/strong> CHF 200.\u2013<\/p>\n\n\n\n<p><strong>\u00c0 apporter :<\/strong> V\u00e9lo (en bon \u00e9tat de propret\u00e9), chaussures de v\u00e9lo, tenue de cyclisme<\/p>\n\n\n\n<p><strong>Prise de rendez-vous :<\/strong> Via T-Booking ou par WhatsApp : +41 79 438 31 19<\/p>\n","protected":false},"excerpt":{"rendered":"<p>Le bikefitting est l\u2019adaptation individuelle d\u2019un v\u00e9lo \u00e0 votre morphologie. L\u2019objectif est de rouler de mani\u00e8re plus efficace, plus confortable et sans douleur. Nous r\u00e9alisons une analyse dynamique sur votre propre v\u00e9lo. Plus d\u2019informations sur : bikephysiolab.ch Indications : D\u00e9roulement d\u2019un bikefitting : Dur\u00e9e : 1 h 30 \u00e0 2 h Prix : CHF 200.\u2013 [&hellip;]<\/p>\n","protected":false},"author":5,"featured_media":0,"parent":14,"menu_order":0,"comment_status":"closed","ping_status":"closed","template":"","meta":{"footnotes":""},"class_list":["post-939","page","type-page","status-publish","hentry"],"_links":{"self":[{"href":"https:\/\/physioatelier.ch\/fr\/wp-json\/wp\/v2\/pages\/939","targetHints":{"allow":["GET"]}}],"collection":[{"href":"https:\/\/physioatelier.ch\/fr\/wp-json\/wp\/v2\/pages"}],"about":[{"href":"https:\/\/physioatelier.ch\/fr\/wp-json\/wp\/v2\/types\/page"}],"author":[{"embeddable":true,"href":"https:\/\/physioatelier.ch\/fr\/wp-json\/wp\/v2\/users\/5"}],"replies":[{"embeddable":true,"href":"https:\/\/physioatelier.ch\/fr\/wp-json\/wp\/v2\/comments?post=939"}],"version-history":[{"count":2,"href":"https:\/\/physioatelier.ch\/fr\/wp-json\/wp\/v2\/pages\/939\/revisions"}],"predecessor-version":[{"id":941,"href":"https:\/\/physioatelier.ch\/fr\/wp-json\/wp\/v2\/pages\/939\/revisions\/941"}],"up":[{"embeddable":true,"href":"https:\/\/physioatelier.ch\/fr\/wp-json\/wp\/v2\/pages\/14"}],"wp:attachment":[{"href":"https:\/\/physioatelier.ch\/fr\/wp-json\/wp\/v2\/media?parent=939"}],"curies":[{"name":"wp","href":"https:\/\/api.w.org\/{rel}","templated":true}]}}