{"id":869,"date":"2025-02-19T19:38:49","date_gmt":"2025-02-19T19:38:49","guid":{"rendered":"https:\/\/physioatelier.ch\/fr\/?page_id=869"},"modified":"2026-01-23T10:51:12","modified_gmt":"2026-01-23T10:51:12","slug":"equipe-pilates","status":"publish","type":"page","link":"https:\/\/physioatelier.ch\/fr\/cours\/equipe-pilates\/","title":{"rendered":"\u00c9quipe Pilates"},"content":{"rendered":"\n<div class=\"wp-block-media-text is-stacked-on-mobile is-vertically-aligned-center\" style=\"grid-template-columns:25% auto\"><figure class=\"wp-block-media-text__media\"><img decoding=\"async\" src=\"http:\/\/physioatelier.ch\/de\/wp-content\/uploads\/ProfilePictureVeronika-683x1024.jpg\" alt=\"\" class=\"wp-image-1074 size-full\"\/><\/figure><div class=\"wp-block-media-text__content\">\n<p class=\"has-large-font-size\"><strong>Veronika Wenger<\/strong><\/p>\n\n\n\n<p class=\"has-medium-font-size\"><strong>Background<\/strong>: Physioth\u00e9rapie, Th\u00e9rapie par massage massage d\u2019acupuncture<\/p>\n\n\n\n<p class=\"has-medium-font-size\"><strong>Formations Pilates<\/strong> : Polestar Pilates, Spirit Studio B\u00e2le, Art of Motion<\/p>\n<\/div><\/div>\n\n\n\n<hr class=\"wp-block-separator has-alpha-channel-opacity\"\/>\n\n\n\n<div class=\"wp-block-media-text has-media-on-the-right is-stacked-on-mobile is-vertically-aligned-center\" style=\"grid-template-columns:auto 25%\"><div class=\"wp-block-media-text__content\">\n<p class=\"has-large-font-size\"><strong>Katharina Maurer<\/strong><\/p>\n\n\n\n<p class=\"has-medium-font-size\"><strong>Background<\/strong>: Physioth\u00e9rapie, Th\u00e9rapie par massage massage d\u2019acupuncture<\/p>\n\n\n\n<p class=\"has-medium-font-size\"><strong>Formations Pilates<\/strong> : Pilates Swiss, Pilatesflows<\/p>\n<\/div><figure class=\"wp-block-media-text__media\"><img decoding=\"async\" src=\"http:\/\/physioatelier.ch\/de\/wp-content\/uploads\/ProfilePictureKatharina-683x1024.jpg\" alt=\"\" class=\"wp-image-1071 size-full\"\/><\/figure><\/div>\n\n\n\n<hr class=\"wp-block-separator has-alpha-channel-opacity\"\/>\n\n\n\n<div class=\"wp-block-media-text is-stacked-on-mobile\" style=\"grid-template-columns:25% auto\"><figure class=\"wp-block-media-text__media\"><img decoding=\"async\" src=\"http:\/\/physioatelier.ch\/de\/wp-content\/uploads\/ProfilePictureSimone-793x1024.jpg\" alt=\"\" class=\"wp-image-1073 size-full\"\/><\/figure><div class=\"wp-block-media-text__content\">\n<p class=\"has-large-font-size\"><strong>Simone Brawand<\/strong><\/p>\n\n\n\n<p class=\"has-medium-font-size\"><strong>Background<\/strong>: Yoga, Entra\u00eenement du mouvement, P\u00e9dagogie<\/p>\n\n\n\n<p class=\"has-medium-font-size\"><strong>Formations Pilates<\/strong> : Art of Motion, Spirit Studio B\u00e2le<\/p>\n<\/div><\/div>\n\n\n\n<hr class=\"wp-block-separator has-alpha-channel-opacity\"\/>\n\n\n\n<div class=\"wp-block-media-text has-media-on-the-right is-stacked-on-mobile\" style=\"grid-template-columns:auto 25%\"><div class=\"wp-block-media-text__content\">\n<p class=\"has-large-font-size\"><strong>Lena Loukis<\/strong><\/p>\n\n\n\n<p class=\"has-medium-font-size\"><strong>Background<\/strong>: Physioth\u00e9rapie<\/p>\n\n\n\n<p class=\"has-medium-font-size\"><strong>Formations Pilates<\/strong> : Art of Motion, Pilatesflows<\/p>\n<\/div><figure class=\"wp-block-media-text__media\"><img decoding=\"async\" src=\"http:\/\/physioatelier.ch\/de\/wp-content\/uploads\/ProfilePictureLena-1-683x1024.jpg\" alt=\"\" class=\"wp-image-1072 size-full\"\/><\/figure><\/div>\n","protected":false},"excerpt":{"rendered":"<p>Veronika Wenger Background: Physioth\u00e9rapie, Th\u00e9rapie par massage massage d\u2019acupuncture Formations Pilates : Polestar Pilates, Spirit Studio B\u00e2le, Art of Motion Katharina Maurer Background: Physioth\u00e9rapie, Th\u00e9rapie par massage massage d\u2019acupuncture Formations Pilates : Pilates Swiss, Pilatesflows Simone Brawand Background: Yoga, Entra\u00eenement du mouvement, P\u00e9dagogie Formations Pilates : Art of Motion, Spirit Studio B\u00e2le Lena Loukis Background: [&hellip;]<\/p>\n","protected":false},"author":5,"featured_media":0,"parent":62,"menu_order":0,"comment_status":"closed","ping_status":"closed","template":"","meta":{"footnotes":""},"class_list":["post-869","page","type-page","status-publish","hentry"],"_links":{"self":[{"href":"https:\/\/physioatelier.ch\/fr\/wp-json\/wp\/v2\/pages\/869","targetHints":{"allow":["GET"]}}],"collection":[{"href":"https:\/\/physioatelier.ch\/fr\/wp-json\/wp\/v2\/pages"}],"about":[{"href":"https:\/\/physioatelier.ch\/fr\/wp-json\/wp\/v2\/types\/page"}],"author":[{"embeddable":true,"href":"https:\/\/physioatelier.ch\/fr\/wp-json\/wp\/v2\/users\/5"}],"replies":[{"embeddable":true,"href":"https:\/\/physioatelier.ch\/fr\/wp-json\/wp\/v2\/comments?post=869"}],"version-history":[{"count":4,"href":"https:\/\/physioatelier.ch\/fr\/wp-json\/wp\/v2\/pages\/869\/revisions"}],"predecessor-version":[{"id":944,"href":"https:\/\/physioatelier.ch\/fr\/wp-json\/wp\/v2\/pages\/869\/revisions\/944"}],"up":[{"embeddable":true,"href":"https:\/\/physioatelier.ch\/fr\/wp-json\/wp\/v2\/pages\/62"}],"wp:attachment":[{"href":"https:\/\/physioatelier.ch\/fr\/wp-json\/wp\/v2\/media?parent=869"}],"curies":[{"name":"wp","href":"https:\/\/api.w.org\/{rel}","templated":true}]}}