{"id":8,"date":"2021-04-03T07:19:59","date_gmt":"2021-04-03T07:19:59","guid":{"rendered":"http:\/\/physioatelier.ch\/?page_id=8"},"modified":"2025-06-12T12:23:47","modified_gmt":"2025-06-12T12:23:47","slug":"home","status":"publish","type":"page","link":"https:\/\/physioatelier.ch\/fr\/","title":{"rendered":"Home"},"content":{"rendered":"<p class=\"has-text-align-center has-medium-font-size\"><strong>Bienvenue!<br \/>\n<\/strong><\/p>\n<p class=\"has-text-align-center has-medium-font-size\">Une large proposition de services vous attend dans notre cabinet. Dans le but d\u2019obtenir une r\u00e9ussite \u00e0 long terme, nous traitons notre client\u00e8le de mani\u00e8re individuelle et holistique. Physio Atelier propose de la physioth\u00e9rapie conventionnelle avec diverses sp\u00e9cialit\u00e9s, des th\u00e9rapies compl\u00e9mentaires et diff\u00e9rentes activit\u00e9s en groupe. Vous trouverez chez nous un espace cr\u00e9atif pour les th\u00e9rapies, le Pilates et les rencontres.<\/p>\n<p class=\"has-text-align-center has-medium-font-size\">Nous nous r\u00e9jouissons de vous voir!<\/p>\n<div class=\"div-custom-background-pad\">\n<p><strong>Prise de rendez-vous<\/strong><\/p>\n<p>Les rendez-vous peuvent \u00eatre facilement r\u00e9serv\u00e9s en ligne. Afin de garantir des rendez-vous ult\u00e9rieurs, nous vous recommandons de r\u00e9server plusieurs rendez-vous \u00e0 l&#8217;avance, car il peut parfois y avoir des temps d&#8217;attente. Veuillez noter que les rendez-vous non annul\u00e9s \u00e0 temps (au moins 24 heures \u00e0 l&#8217;avance) seront factur\u00e9s. Les annulations sont \u00e9galement possibles en ligne.<\/p>\n<p style=\"text-align: center;\"><a href=\"https:\/\/www.tbooking.ch\/de\/physio-atelier-gmbh\/2480-2717\" target=\"_blank\" rel=\"noopener\"><button type=\"button\" class=\"btn btn-secondary\">Prenez rendez-vous maintenant!<\/button><\/a><\/p>\n<\/div>\n<div class=\"div-custom-background-pad\">\n<p><strong>Contact<\/strong><\/p>\n<p>Pendant les heures de th\u00e9rapie, nous sommes difficilement joignables par t\u00e9l\u00e9phone. Les rendez-vous peuvent \u00eatre facilement r\u00e9serv\u00e9s ou annul\u00e9s en ligne &#8211; veuillez utiliser notre syst\u00e8me de r\u00e9servation \u00e0 cet effet. Si vous avez une demande urgente, veuillez nous envoyer un WhatsApp, un SMS ou un e-mail avec votre nom, votre num\u00e9ro de t\u00e9l\u00e9phone et votre demande.<\/p>\n<dl>\n<dt>Physio Atelier<\/dt>\n<dt>General-Dufour-Strasse 12<\/dt>\n<dt>2502 Biel<\/dt>\n<dt>T\u00e9l: 076 448 78 10 (WhatsApp\/SMS)<\/dt>\n<dt>Courrier: sekretariat@physioatelier.ch<\/dt>\n<dt>Mail directement au th\u00e9rapeute comp\u00e9tent : pr\u00e9nom.nom@physioatelier.ch<\/dt>\n<\/dl>\n<\/div>\n<div class=\"div-custom-background-pad\">\n<p><strong>Emplacement \/ Itin\u00e9raire<\/strong><\/p>\n<p>General-Dufour-Strasse 12 (Dufourpassage vis-\u00e0-vis Coop City et Restaurant Bigg&#8217;s) au 1er \u00e9tage, avec ascenseur ou escalier \u00e0 gauche des ascenseurs.<\/p>\n<p>Voiture: Vous pouvez vous parquer dans les parkings publics situ\u00e9s derri\u00e8re l&#8217;arr\u00eat de bus Nidaugasse, dans le parking de la Coop City ou dans les zones bleues des rues secondaires.<\/p>\n<p>Transports publics : \u00e0 pied, \u00e0 1 min de l&#8217;arr\u00eat de bus Nidaugasse, \u00e0 3 min de l&#8217;arr\u00eat de bus Biblioth\u00e8que ou Place centrale et \u00e0 10 min de la gare de Bienne.<\/p>\n<p style=\"text-align: center;\"><iframe loading=\"lazy\" style=\"border: 0;\" src=\"https:\/\/www.google.com\/maps\/embed?pb=!1m18!1m12!1m3!1d2713.9443414016523!2d7.244842115614382!3d47.139356479156476!2m3!1f0!2f0!3f0!3m2!1i1024!2i768!4f13.1!3m3!1m2!1s0x478e194d06c325eb%3A0x21b8a8f4373b68f7!2sGeneral-Dufour-Strasse%2012%2C%202502%20Biel!5e0!3m2!1sde!2sch!4v1618170304009!5m2!1sde!2sch\" allowfullscreen=\"allowfullscreen\" width=\"100%\" height=\"450\"><\/iframe><\/p>\n<\/div>\n","protected":false},"excerpt":{"rendered":"<p>Bienvenue! Une large proposition de services vous attend dans notre cabinet. Dans le but d\u2019obtenir une r\u00e9ussite \u00e0 long terme, nous traitons notre client\u00e8le de mani\u00e8re individuelle et holistique. Physio Atelier propose de la physioth\u00e9rapie conventionnelle avec diverses sp\u00e9cialit\u00e9s, des th\u00e9rapies compl\u00e9mentaires et diff\u00e9rentes activit\u00e9s en groupe. Vous trouverez chez nous un espace cr\u00e9atif pour [&hellip;]<\/p>\n","protected":false},"author":5,"featured_media":0,"parent":0,"menu_order":0,"comment_status":"closed","ping_status":"closed","template":"noheader.php","meta":{"footnotes":""},"class_list":["post-8","page","type-page","status-publish","hentry"],"_links":{"self":[{"href":"https:\/\/physioatelier.ch\/fr\/wp-json\/wp\/v2\/pages\/8","targetHints":{"allow":["GET"]}}],"collection":[{"href":"https:\/\/physioatelier.ch\/fr\/wp-json\/wp\/v2\/pages"}],"about":[{"href":"https:\/\/physioatelier.ch\/fr\/wp-json\/wp\/v2\/types\/page"}],"author":[{"embeddable":true,"href":"https:\/\/physioatelier.ch\/fr\/wp-json\/wp\/v2\/users\/5"}],"replies":[{"embeddable":true,"href":"https:\/\/physioatelier.ch\/fr\/wp-json\/wp\/v2\/comments?post=8"}],"version-history":[{"count":16,"href":"https:\/\/physioatelier.ch\/fr\/wp-json\/wp\/v2\/pages\/8\/revisions"}],"predecessor-version":[{"id":917,"href":"https:\/\/physioatelier.ch\/fr\/wp-json\/wp\/v2\/pages\/8\/revisions\/917"}],"wp:attachment":[{"href":"https:\/\/physioatelier.ch\/fr\/wp-json\/wp\/v2\/media?parent=8"}],"curies":[{"name":"wp","href":"https:\/\/api.w.org\/{rel}","templated":true}]}}