{"id":744,"date":"2024-09-16T18:42:16","date_gmt":"2024-09-16T18:42:16","guid":{"rendered":"https:\/\/physioatelier.ch\/fr\/?page_id=744"},"modified":"2024-10-08T19:03:40","modified_gmt":"2024-10-08T19:03:40","slug":"rahel-noti","status":"publish","type":"page","link":"https:\/\/physioatelier.ch\/fr\/equipe\/rahel-noti\/","title":{"rendered":"Rahel Noti"},"content":{"rendered":"<div class=\"div-custom-background\">\n<div class=\"wp-block-image\">\n<figure class=\"aligncenter size-large is-resized\">\n            <img loading=\"lazy\" decoding=\"async\" class=\"img-custom-single wp-image-186\" src=\"https:\/\/physioatelier.ch\/de\/wp-content\/uploads\/ProfilePictureRahel.jpg\" alt=\"\" width=\"512\" height=\"384\"><br \/>\n        <\/figure>\n<\/p><\/div>\n<p>J\u2019ai grandi \u00e0 Vechigen BE, un petit village pr\u00e8s de Worb. M\u00eame enfant, j\u2019aimais \u00eatre dehors et bouger beaucoup \u00e0 l\u2019air frais. Cette joie du mouvement m\u2019accompagne encore aujourd\u2019hui et j\u2019en profite sans ambitions sportives ni aucune forme de pression pour performer. J\u2019aimerais aussi transmettre cela \u00e0 mes patients. <\/p>\n<\/p>\n<p>J\u2019ai suivi la formation de kin\u00e9sith\u00e9rapeute au Centre de formation Insel (aujourd\u2019hui Haute \u00e9cole sp\u00e9cialis\u00e9e bernoise pour la sant\u00e9). J\u2019ai ensuite travaill\u00e9 dans plusieurs cabinets avec un focus sur le syst\u00e8me musculo-squelettique. Tout en travaillant, j\u2019ai suivi une formation de musicoth\u00e9rapeute et je travaille dans ce domaine dans une maison d\u2019\u00e9cole pour enfants ayant des probl\u00e8mes de comportement et des troubles d\u2019apprentissage. <\/p>\n<\/p>\n<p>\u00c0 travers mes deux professions th\u00e9rapeutiques, je suis toujours consciente de combien le corps et la psych\u00e9 sont li\u00e9s et peuvent s\u2019influencer mutuellement. Cette prise de conscience m\u2019accompagne dans mon travail quotidien. Mes exp\u00e9riences en tant que m\u00e8re de deux enfants se retrouvent \u00e9galement dans mes activit\u00e9s th\u00e9rapeutiques. Je suis actuellement en train de me sp\u00e9cialiser en physioth\u00e9rapie dans la r\u00e9gion du plancher pelvien et j\u2019aime travailler dans ce nouveau domaine.<\/p>\n<\/div>\n<p class=\"p-custom\">Formation \/ Formation continue<\/p>\n<div class=\"content\">\n<hr>\n<div class=\"row\">\n<div class=\"col-sm-2\"><em>2024<\/em><\/div>\n<div class=\"col\">R\u00e9\u00e9ducation Pelvi P\u00e9rin\u00e9ale<\/div>\n<\/p><\/div>\n<hr>\n<div class=\"row\">\n<div class=\"col-sm-2\"><em>2012-2015<\/em><\/div>\n<div class=\"col\">Th\u00e9rapie manuelle des points de d\u00e9clenchement IMTT<\/div>\n<\/p><\/div>\n<hr>\n<div class=\"row\">\n<div class=\"col-sm-2\"><em>2010-2014<\/em><\/div>\n<div class=\"col\">MAS Musicoth\u00e9rapie Clinique ZHdK<\/div>\n<\/p><\/div>\n<hr>\n<div class=\"row\">\n<div class=\"col-sm-2\"><em>2008-2009<\/em><\/div>\n<div class=\"col\">Th\u00e9rapie manuelle selon Maitland niveau 1<\/div>\n<\/p><\/div>\n<hr>\n<div class=\"row\">\n<div class=\"col-sm-2\"><em>2000-2004<\/em><\/div>\n<div class=\"col\">Formation de kin\u00e9sith\u00e9rapeute au centre de formation de l\u2019Insel \u00e0 Berne<\/div>\n<\/p><\/div>\n<hr>\n<\/div>\n<p class=\"p-custom\">Lieux de travail<\/p>\n<div class=\"content\">\n<hr>\n<div class=\"row\">\n<div class=\"col-sm-2\"><em>depuis 2024<\/em><\/div>\n<div class=\"col\">Physio Atelier Bienne<\/div>\n<\/p><\/div>\n<hr>\n<div class=\"row\">\n<div class=\"col-sm-2\"><em>depuis 2014<\/em><\/div>\n<div class=\"col\">Musicoth\u00e9rapeute au foyer d&#8217;\u00e9cole Schloss Erlach<\/div>\n<\/p><\/div>\n<hr>\n<div class=\"row\">\n<div class=\"col-sm-2\"><em>2011-2017<\/em><\/div>\n<div class=\"col\">Cabinet de groupe Bremgarten<\/div>\n<\/p><\/div>\n<hr>\n<div class=\"row\">\n<div class=\"col-sm-2\"><em>2007<\/em><\/div>\n<div class=\"col\">Physioth\u00e9rapie Dr. Brunner Thun (rhumatologie)<\/div>\n<\/p><\/div>\n<hr>\n<div class=\"row\">\n<div class=\"col-sm-2\"><em>2007-2010<\/em><\/div>\n<div class=\"col\">Physioth\u00e9rapie Simone Spotti Langenthal<\/div>\n<\/p><\/div>\n<hr>\n<div class=\"row\">\n<div class=\"col-sm-2\"><em>2007-2011<\/em><\/div>\n<div class=\"col\">Omega-Healthcare Centre de sant\u00e9 de Berne<\/div>\n<\/p><\/div>\n<hr>\n<div class=\"row\">\n<div class=\"col-sm-2\"><em>2004-2005<\/em><\/div>\n<div class=\"col\">Team Physio Mobile Kehrsatz<\/div>\n<\/p><\/div>\n<hr>\n<\/div>\n<p class=\"p-custom\">Langues<\/p>\n<div class=\"content\">\n<hr>\n<div class=\"row\">\n<div class=\"col-sm-2\"><em>Allemand<\/em><\/div>\n<div class=\"col\">langue maternelle<\/div>\n<\/p><\/div>\n<hr>\n<div class=\"row\">\n<div class=\"col-sm-2\"><em>Fran\u00e7ais<\/em><\/div>\n<div class=\"col\">couramment<\/div>\n<\/p><\/div>\n<hr>\n<div class=\"row\">\n<div class=\"col-sm-2\"><em>Anglais<\/em><\/div>\n<div class=\"col\">couramment<\/div>\n<\/p><\/div>\n<hr>\n<div class=\"row\">\n<div class=\"col-sm-2\"><em>Italien<\/em><\/div>\n<div class=\"col\">bonnes comp\u00e9tences orales<\/div>\n<\/p><\/div>\n<hr>\n<div class=\"row\">\n<div class=\"col-sm-2\"><em>Espa\u00f1ol<\/em><\/div>\n<div class=\"col\">basique<\/div>\n<\/p><\/div>\n<hr>\n<\/div>\n","protected":false},"excerpt":{"rendered":"<p>J\u2019ai grandi \u00e0 Vechigen BE, un petit village pr\u00e8s de Worb. M\u00eame enfant, j\u2019aimais \u00eatre dehors et bouger beaucoup \u00e0 l\u2019air frais. Cette joie du mouvement m\u2019accompagne encore aujourd\u2019hui et j\u2019en profite sans ambitions sportives ni aucune forme de pression pour performer. J\u2019aimerais aussi transmettre cela \u00e0 mes patients. J\u2019ai suivi la formation de kin\u00e9sith\u00e9rapeute [&hellip;]<\/p>\n","protected":false},"author":5,"featured_media":0,"parent":12,"menu_order":1,"comment_status":"closed","ping_status":"closed","template":"","meta":{"footnotes":""},"class_list":["post-744","page","type-page","status-publish","hentry"],"_links":{"self":[{"href":"https:\/\/physioatelier.ch\/fr\/wp-json\/wp\/v2\/pages\/744","targetHints":{"allow":["GET"]}}],"collection":[{"href":"https:\/\/physioatelier.ch\/fr\/wp-json\/wp\/v2\/pages"}],"about":[{"href":"https:\/\/physioatelier.ch\/fr\/wp-json\/wp\/v2\/types\/page"}],"author":[{"embeddable":true,"href":"https:\/\/physioatelier.ch\/fr\/wp-json\/wp\/v2\/users\/5"}],"replies":[{"embeddable":true,"href":"https:\/\/physioatelier.ch\/fr\/wp-json\/wp\/v2\/comments?post=744"}],"version-history":[{"count":6,"href":"https:\/\/physioatelier.ch\/fr\/wp-json\/wp\/v2\/pages\/744\/revisions"}],"predecessor-version":[{"id":765,"href":"https:\/\/physioatelier.ch\/fr\/wp-json\/wp\/v2\/pages\/744\/revisions\/765"}],"up":[{"embeddable":true,"href":"https:\/\/physioatelier.ch\/fr\/wp-json\/wp\/v2\/pages\/12"}],"wp:attachment":[{"href":"https:\/\/physioatelier.ch\/fr\/wp-json\/wp\/v2\/media?parent=744"}],"curies":[{"name":"wp","href":"https:\/\/api.w.org\/{rel}","templated":true}]}}