{"id":702,"date":"2024-02-23T16:08:36","date_gmt":"2024-02-23T16:08:36","guid":{"rendered":"https:\/\/physioatelier.ch\/fr\/?page_id=702"},"modified":"2025-04-19T09:09:37","modified_gmt":"2025-04-19T09:09:37","slug":"lena-loukis","status":"publish","type":"page","link":"https:\/\/physioatelier.ch\/fr\/equipe\/lena-loukis\/","title":{"rendered":"Lena Loukis"},"content":{"rendered":"\n<div class=\"div-custom-background\">\n<div class=\"wp-block-image\">\n<figure class=\"aligncenter size-large is-resized\"><img fetchpriority=\"high\" decoding=\"async\" class=\"img-custom-single wp-image-186\" src=\"https:\/\/physioatelier.ch\/de\/wp-content\/uploads\/ProfilePictureLena.jpg\" alt=\"\" width=\"512\" height=\"384\"><\/figure>\n<\/div>\n<p>N\u00e9e et ayant grandi \u00e0 Bienne, je suis aujourd&#8217;hui physioth\u00e9rapeute, instructrice de Pilates et maman, toujours int\u00e9ress\u00e9e par le d\u00e9veloppement professionnel et personnel.<\/p>\n<p>Apr\u00e8s une blessure au volley-ball, mon hobby de longue date, j&#8217;ai moi-m\u00eame d\u00fb me rendre en physioth\u00e9rapie. J&#8217;ai \u00e9t\u00e9 fascin\u00e9e par la mani\u00e8re dont la th\u00e9rapeute a trouv\u00e9 l&#8217;origine du probl\u00e8me en posant des questions et en proc\u00e9dant \u00e0 des examens cibl\u00e9s, en m&#8217;informant gr\u00e2ce \u00e0 ses vastes connaissances et en r\u00e9alisant avec moi des exercices appropri\u00e9s pour ma r\u00e9\u00e9ducation. Et maintenant, je peux \u00eatre th\u00e9rapeute moi-m\u00eame.<\/p>\n<p>Apr\u00e8s une autre blessure, j&#8217;ai cherch\u00e9 un nouveau hobby et c&#8217;est ainsi que j&#8217;ai d\u00e9couvert le Pilates. J&#8217;ai suivi une formation d&#8217;instructrice et j&#8217;utilise ces connaissances dans le cadre de th\u00e9rapies et de cours collectifs.<\/p>\n<p>Ce que j&#8217;ai pu apprendre, je souhaite le transmettre : Ne laisse pas une blessure ou une douleur te freiner. Laisse-toi guider par les nouvelles portes qui peuvent s&#8217;ouvrir.<\/p>\n<p>Il est important pour moi d&#8217;accompagner l&#8217;\u00eatre humain dans son ensemble, de lui transmettre la compr\u00e9hension et la gestion de la douleur et de lui offrir le plaisir de bouger.<\/p>\n<p><\/p>\n<\/div>\n\n\n\n<p class=\"p-custom\">Formation \/ Formation continue<\/p>\n\n\n\n<div class=\"content\">\n<hr>\n<div class=\"row\">\n<div class=\"col-sm-2\"><em>2024<\/em><\/div>\n<div class=\"col\">Traitement fascial des cicatrices, Bad Zurzach<br>Pilates post-partum, Art of Motion, Berne<\/div>\n<p><\/p><\/div>\n\n<hr>\n<div class=\"row\">\n<div class=\"col-sm-2\"><em>2022<\/em><\/div>\n<div class=\"col\">Fascias &#8211; interception et syst\u00e8me nerveux autonome avec Dr. Robert Schleip, en ligne<\/div>\n<p><\/p><\/div>\n<hr>\n<div class=\"row\">\n<div class=\"col-sm-2\"><em>2021<\/em><\/div>\n<div class=\"col\">Coach TMX, SWISS Sportmassage, Langenthal<\/div>\n<p><\/p><\/div>\n<hr>\n<div class=\"row\">\n<div class=\"col-sm-2\"><em>2020<\/em><\/div>\n<div class=\"col\">Instructeur Pilates, Pilatesflows, Nidau<\/div>\n<p><\/p><\/div>\n<hr>\n<div class=\"row\">\n<div class=\"col-sm-2\"><em>2017-2020<\/em><\/div>\n<div class=\"col\">Anatomy Trains, Bodywork Academy, B\u00e2le<\/div>\n<p><\/p><\/div>\n<hr>\n<div class=\"row\">\n<div class=\"col-sm-2\"><em>2019<\/em><\/div>\n<div class=\"col\">Th\u00e9rapie physique d\u00e9congestionnante complexe (TPC) en cas d&#8217;\u0153d\u00e8mes postop\u00e9ratoires, post-traumatiques et complexes, Rehastudy Bad Zurzach<\/div>\n<p><\/p><\/div>\n<hr>\n<div class=\"row\">\n<div class=\"col-sm-2\"><em>2018<\/em><\/div>\n<div class=\"col\">Cours de base Myofascial Release, Physiobern, Berne &#8211; Maux de t\u00eate du point de vue de la th\u00e9rapie des points trigger myofasciaux IMTT, Physiobern, Berne<\/div>\n<p><\/p><\/div>\n<hr>\n<div class=\"row\">\n<div class=\"col-sm-2\"><em>2012-2016<\/em><\/div>\n<div class=\"col\">Bachelor of Science en physioth\u00e9rapie, HESB, site de Berne<\/div>\n<p><\/p><\/div>\n<hr>\n<\/div>\n\n\n\n<p class=\"p-custom\">Lieux de travail<\/p>\n\n\n\n<div class=\"content\">\n<hr>\n<div class=\"row\">\n<div class=\"col-sm-2\"><em>2019 \u2013 2023<\/em><\/div>\n<div class=\"col\">Physioth\u00e9rapie Battenberg, cabinet \u00e0 Bienne<\/div>\n<\/div>\n<hr>\n<div class=\"row\">\n<div class=\"col-sm-2\"><em>2016 \u2013 2019<\/em><\/div>\n<div class=\"col\">Centre hospitalier de Bienne<\/div>\n<\/div>\n<hr>\n<\/div>\n\n\n\n<p class=\"p-custom\">Langues<\/p>\n\n\n\n<div class=\"content\">\n<hr>\n<div class=\"row\">\n<div class=\"col-sm-2\"><em>Allemand<\/em><\/div>\n<div class=\"col\">langue maternelle<\/div>\n<p><\/p><\/div>\n<hr>\n<div class=\"row\">\n<div class=\"col-sm-2\"><em>Fran\u00e7cais<\/em><\/div>\n<div class=\"col\">courant<\/div>\n<p><\/p><\/div>\n<hr>\n<div class=\"row\">\n<div class=\"col-sm-2\"><em>Angalis<\/em><\/div>\n<div class=\"col\">courant<\/div>\n<p><\/p><\/div>\n<hr>\n<div class=\"row\">\n<div class=\"col-sm-2\"><em>Grec<\/em><\/div>\n<div class=\"col\">basic<\/div>\n<p><\/p><\/div>\n<hr>\n<\/div>\n","protected":false},"excerpt":{"rendered":"<p>N\u00e9e et ayant grandi \u00e0 Bienne, je suis aujourd&#8217;hui physioth\u00e9rapeute, instructrice de Pilates et maman, toujours int\u00e9ress\u00e9e par le d\u00e9veloppement professionnel et personnel. Apr\u00e8s une blessure au volley-ball, mon hobby de longue date, j&#8217;ai moi-m\u00eame d\u00fb me rendre en physioth\u00e9rapie. J&#8217;ai \u00e9t\u00e9 fascin\u00e9e par la mani\u00e8re dont la th\u00e9rapeute a trouv\u00e9 l&#8217;origine du probl\u00e8me en [&hellip;]<\/p>\n","protected":false},"author":5,"featured_media":0,"parent":12,"menu_order":1,"comment_status":"closed","ping_status":"closed","template":"","meta":{"footnotes":""},"class_list":["post-702","page","type-page","status-publish","hentry"],"_links":{"self":[{"href":"https:\/\/physioatelier.ch\/fr\/wp-json\/wp\/v2\/pages\/702","targetHints":{"allow":["GET"]}}],"collection":[{"href":"https:\/\/physioatelier.ch\/fr\/wp-json\/wp\/v2\/pages"}],"about":[{"href":"https:\/\/physioatelier.ch\/fr\/wp-json\/wp\/v2\/types\/page"}],"author":[{"embeddable":true,"href":"https:\/\/physioatelier.ch\/fr\/wp-json\/wp\/v2\/users\/5"}],"replies":[{"embeddable":true,"href":"https:\/\/physioatelier.ch\/fr\/wp-json\/wp\/v2\/comments?post=702"}],"version-history":[{"count":9,"href":"https:\/\/physioatelier.ch\/fr\/wp-json\/wp\/v2\/pages\/702\/revisions"}],"predecessor-version":[{"id":905,"href":"https:\/\/physioatelier.ch\/fr\/wp-json\/wp\/v2\/pages\/702\/revisions\/905"}],"up":[{"embeddable":true,"href":"https:\/\/physioatelier.ch\/fr\/wp-json\/wp\/v2\/pages\/12"}],"wp:attachment":[{"href":"https:\/\/physioatelier.ch\/fr\/wp-json\/wp\/v2\/media?parent=702"}],"curies":[{"name":"wp","href":"https:\/\/api.w.org\/{rel}","templated":true}]}}