{"id":641,"date":"2023-04-07T10:20:05","date_gmt":"2023-04-07T10:20:05","guid":{"rendered":"https:\/\/physioatelier.ch\/fr\/?page_id=641"},"modified":"2025-07-03T08:19:35","modified_gmt":"2025-07-03T08:19:35","slug":"check-up-maman","status":"publish","type":"page","link":"https:\/\/physioatelier.ch\/fr\/services\/physiotherapie\/plancher-pelvien\/check-up-maman\/","title":{"rendered":"Check-Up Maman"},"content":{"rendered":"\n<p>Le check-up maman est pour toutes les nouvelles mamans \u00e0 partir de 6 semaines apr\u00e8s la naissance. Id\u00e9al comme pr\u00e9paration, pendant ou apr\u00e8s le cours postnatal. L\u2019examen est sp\u00e9cifique et individuel, des mesures adapt\u00e9es \u00e0 la situation respective sont discut\u00e9es, les questions sont clarifi\u00e9es.<\/p>\n\n\n\n<p>Les rendez-vous peuvent \u00eatre pris en ligne. Il est consid\u00e9r\u00e9 comme une s\u00e9ance de physioth\u00e9rapie en tant que patiente payante ou avec une ordonnance.<\/p>\n\n\n\n<p><strong>Contenu:<\/strong><\/p>\n\n\n\n<ul class=\"wp-block-list\">\n<li>Questionnement sur la continence, les blessures d\u00fb \u00e0 la naissance et les douleurs actuelles<\/li>\n\n\n\n<li>Examen vaginal du plancher pelvien<\/li>\n\n\n\n<li>Examen diastasis des muscles abdominaux<\/li>\n\n\n\n<li>Recommandation et explication individuelles pour la suite de la proc\u00e9dure (cours de r\u00e9gression postnatale, physioth\u00e9rapie du plancher pelvien, reprise du sport)<\/li>\n<\/ul>\n\n\n\n<p><strong>Prix<\/strong>:<\/p>\n\n\n\n<ul class=\"wp-block-list\">\n<li>En tant que patiente payante 60min: 140.-<\/li>\n\n\n\n<li>Avec une ordonnance il y a les prix fix\u00e9s en rapport aux tarifs de l\u2019assurance maladie<\/li>\n<\/ul>\n\n\n\n<p><\/p>\n","protected":false},"excerpt":{"rendered":"<p>Le check-up maman est pour toutes les nouvelles mamans \u00e0 partir de 6 semaines apr\u00e8s la naissance. Id\u00e9al comme pr\u00e9paration, pendant ou apr\u00e8s le cours postnatal. L\u2019examen est sp\u00e9cifique et individuel, des mesures adapt\u00e9es \u00e0 la situation respective sont discut\u00e9es, les questions sont clarifi\u00e9es. Les rendez-vous peuvent \u00eatre pris en ligne. Il est consid\u00e9r\u00e9 comme [&hellip;]<\/p>\n","protected":false},"author":5,"featured_media":0,"parent":30,"menu_order":2,"comment_status":"closed","ping_status":"closed","template":"","meta":{"footnotes":""},"class_list":["post-641","page","type-page","status-publish","hentry"],"_links":{"self":[{"href":"https:\/\/physioatelier.ch\/fr\/wp-json\/wp\/v2\/pages\/641","targetHints":{"allow":["GET"]}}],"collection":[{"href":"https:\/\/physioatelier.ch\/fr\/wp-json\/wp\/v2\/pages"}],"about":[{"href":"https:\/\/physioatelier.ch\/fr\/wp-json\/wp\/v2\/types\/page"}],"author":[{"embeddable":true,"href":"https:\/\/physioatelier.ch\/fr\/wp-json\/wp\/v2\/users\/5"}],"replies":[{"embeddable":true,"href":"https:\/\/physioatelier.ch\/fr\/wp-json\/wp\/v2\/comments?post=641"}],"version-history":[{"count":9,"href":"https:\/\/physioatelier.ch\/fr\/wp-json\/wp\/v2\/pages\/641\/revisions"}],"predecessor-version":[{"id":921,"href":"https:\/\/physioatelier.ch\/fr\/wp-json\/wp\/v2\/pages\/641\/revisions\/921"}],"up":[{"embeddable":true,"href":"https:\/\/physioatelier.ch\/fr\/wp-json\/wp\/v2\/pages\/30"}],"wp:attachment":[{"href":"https:\/\/physioatelier.ch\/fr\/wp-json\/wp\/v2\/media?parent=641"}],"curies":[{"name":"wp","href":"https:\/\/api.w.org\/{rel}","templated":true}]}}