{"id":223,"date":"2021-04-03T21:40:14","date_gmt":"2021-04-03T21:40:14","guid":{"rendered":"https:\/\/physioatelier.ch\/?page_id=223"},"modified":"2025-04-19T09:16:04","modified_gmt":"2025-04-19T09:16:04","slug":"veronika-gafner","status":"publish","type":"page","link":"https:\/\/physioatelier.ch\/fr\/equipe\/veronika-gafner\/","title":{"rendered":"Veronika Wenger"},"content":{"rendered":"\n<div class=\"div-custom-background\">\n<div class=\"wp-block-image\">\n<figure class=\"aligncenter size-large is-resized\"><img fetchpriority=\"high\" decoding=\"async\" class=\"img-custom-single wp-image-186\" src=\"https:\/\/physioatelier.ch\/de\/wp-content\/uploads\/ProfilePictureVeronika-scaled.jpg\" alt=\"\" width=\"512\" height=\"384\"><\/figure>\n<\/div>\n<p>J\u2019ai grandi \u00e0 Gr\u00e4nichen, dans le canton d\u2019Argovie. J\u2019ai effectu\u00e9 ma scolarit\u00e9 \u00e0 partir du gymnase \u00e0 l\u2019\u00e9cole secondaire des sports en Valais. Ma passion pour le domaine de la sant\u00e9 \u00e9tait d\u00e9j\u00e0 pr\u00e9sente d\u00e8s mon plus jeune \u00e2ge, et mon parcours m\u2019a donc conduit \u00e0 Winterthur pour \u00e9tudier la physioth\u00e9rapie. En tant que personne active et communicative, j\u2019\u00e9tais fascin\u00e9e par le travail avec les gens.<\/p>\n<p>Dans ma vie priv\u00e9e, je suis souvent et volontiers en plein air. La course \u00e0 pied me passionne toujours autant, mais d&#8217;autres sports comme l&#8217;escalade, la randonn\u00e9e, le ski de fond ou le yoga ne manquent pas non plus. Tant que le c\u00f4t\u00e9 social et le plaisir ne sont pas n\u00e9glig\u00e9s, le type d&#8217;activit\u00e9 est secondaire. Je suis arriv\u00e9e dans le Seeland en 2017 et je vis d\u00e9sormais \u00e0 Br\u00fcgg avec mon mari et mon enfant. J&#8217;ai d\u00e9j\u00e0 v\u00e9cu dans de nombreuses r\u00e9gions de Suisse, Bienne et ses environs restent mes pr\u00e9f\u00e9r\u00e9es. La mani\u00e8re libre de vivre et les diff\u00e9rentes influences culturelles me plaisent beaucoup.<\/p>\n<p>Toujours motiv\u00e9e pour am\u00e9liorer mon travail et apprendre de nouvelles choses, j\u2019investis du temps et de l\u2019\u00e9nergie dans les formations continue et les \u00e9changes interprofessionnels. Non seulement dans le domaine de la physioth\u00e9rapie conventionnelle, mais aussi dans celui des th\u00e9rapies compl\u00e9mentaires. Avec le massagedes points d\u2019acupuncture selon Radloff et la formation d\u2019instructrice de Pilates, j\u2019ai acquis d\u2019autres outils pour mon travail de th\u00e9rapeute et je peux concevoir les traitements de mani\u00e8re plus holistique et ax\u00e9e sur les besoins sp\u00e9cifiques.<\/p>\n<\/div>\n\n\n\n<p class=\"p-custom\">Formation \/ Formation continue<\/p>\n\n\n\n<div class=\"content\">\n<hr>\n<div class=\"row\">\n<div class=\"col-sm-2\"><em>2023 &#8211; 2025<\/em><\/div>\n<div class=\"col\">Dry needling, Top 30, Winterthur<\/div>\n<\/div>\n<hr>\n<div class=\"row\">\n<div class=\"col-sm-2\"><em>2023 &#8211; 2024<\/em><\/div>\n<div class=\"col\">Module d&#8217;approfondissement Leadership 4.0, \u00e9tudes postgrades en gestion d&#8217;entreprise, Berne<\/div>\n<\/div>\n<hr>\n<div class=\"row\">\n<div class=\"col-sm-2\"><em>2023<\/em><\/div>\n<div class=\"col\">Ost\u00e9opathie \u00e9nerg\u00e9tique, Lucerne<br>Vertiges, Maja K\u00fcndig, Berne<\/div>\n<\/div>\n<hr>\n<div class=\"row\">\n<div class=\"col-sm-2\"><em>2022<\/em><\/div>\n<div class=\"col\">Massage en acupuncture selon Radloff, Phase de conversion, Sch\u00f6nenwerd<br>Dysfonctionnements cranio-mandibulaires de la m\u00e2choire, Berne<\/div>\n<\/div>\n<hr>\n<div class=\"row\">\n<div class=\"col-sm-2\"><em>2020<\/em><\/div>\n<div class=\"col\">Massage en acupuncture selon Radloff pour les nourrissons et des enfants en bas \u00e2ge, Sch\u00f6nenwerd<\/div>\n<\/div>\n<hr>\n<div class=\"row\">\n<div class=\"col-sm-2\"><em>2019 \u2013 2020<\/em><\/div>\n<div class=\"col\">Massage d\u2019acupuncture selon Radloff, Sch\u00f6nenwerd (fin de la formation de base juin 2020)<\/div>\n<\/div>\n<hr>\n<div class=\"row\">\n<div class=\"col-sm-2\"><em>2018<\/em><\/div>\n<div class=\"col\">Formation en r\u00e9cup\u00e9ration post-natale mobile , Art of Motion, Berne<br>Int\u00e9gration des aspects psychologiques dans la physioth\u00e9rapie, Winterthur<\/div>\n<\/div>\n<hr>\n<div class=\"row\">\n<div class=\"col-sm-2\"><em>2017<\/em><\/div>\n<div class=\"col\">Formation continue manuelle selon Mulligan \u201d Mobilisation with Movement \u201d module 1 et 2, Bad S\u00e4ckingen<\/div>\n<\/div>\n<hr>\n<div class=\"row\">\n<div class=\"col-sm-2\"><em>2016 \u2013 2017<\/em><\/div>\n<div class=\"col\">Formation Pilates \u201d Practioner of Pilates Mat\u201d, Polestar Pilates Basel<\/div>\n<\/div>\n<hr>\n<div class=\"row\">\n<div class=\"col-sm-2\"><em>2016<\/em><\/div>\n<div class=\"col\">Dysfonctionnements cranio-mandibulaires de la m\u00e2choire, Bad S\u00e4ckingen<\/div>\n<\/div>\n<hr>\n<div class=\"row\">\n<div class=\"col-sm-2\"><em>2012 \u2013 2016<\/em><\/div>\n<div class=\"col\">Bachelor of Science en physioth\u00e9rapie, Universit\u00e9 zurichoise des sciences appliqu\u00e9es, Winterthur M\u00e9moire de bachelor : \u201d Mobilisation sous anesth\u00e9sie et lib\u00e9ration de la capsule chez Frozen Shoulder \u201d (publication dans \u201d m\u00e9decine manuelle \u201d en avril 2016)<\/div>\n<\/div>\n<hr>\n<\/div>\n\n\n\n<p class=\"p-custom\">Lieux de travail<\/p>\n\n\n\n<div class=\"content\">\n <hr>\n    \n    <div class=\"row\">\n        <div class=\"col-sm-2\"><em>Depuis 2021<\/em><\/div>\n        <div class=\"col\">Directrice et physioth\u00e9rapeute au Physio Atelier, Bienne<\/div>\n    <\/div>\n<hr>\n<div class=\"row\">\n<div class=\"col-sm-2\"><em>2019 \u2013 2021<\/em><\/div>\n<div class=\"col\">physio8 \/ fitness8 \/ diagnostik8, Bienne<\/div>\n<\/div>\n<hr>\n<div class=\"row\">\n<div class=\"col-sm-2\"><em>2016 \u2013 2019<\/em><\/div>\n<div class=\"col\">Hirslandenklinik, Aarau<\/div>\n<\/div>\n<hr>\n<\/div>\n\n\n\n<p class=\"p-custom\">Langues<\/p>\n\n\n\n<div class=\"content\">\n<hr>\n<div class=\"row\">\n<div class=\"col-sm-2\"><em>Allemand<\/em><\/div>\n<div class=\"col\">langue maternelle<\/div>\n<\/div>\n<hr>\n<div class=\"row\">\n<div class=\"col-sm-2\"><em>Fran\u00e7ais<\/em><\/div>\n<div class=\"col\">courant<\/div>\n<\/div>\n<hr>\n<div class=\"row\">\n<div class=\"col-sm-2\"><em>Anglais<\/em><\/div>\n<div class=\"col\">courant<\/div>\n<\/div>\n<hr>\n<\/div>\n","protected":false},"excerpt":{"rendered":"<p>J\u2019ai grandi \u00e0 Gr\u00e4nichen, dans le canton d\u2019Argovie. J\u2019ai effectu\u00e9 ma scolarit\u00e9 \u00e0 partir du gymnase \u00e0 l\u2019\u00e9cole secondaire des sports en Valais. Ma passion pour le domaine de la sant\u00e9 \u00e9tait d\u00e9j\u00e0 pr\u00e9sente d\u00e8s mon plus jeune \u00e2ge, et mon parcours m\u2019a donc conduit \u00e0 Winterthur pour \u00e9tudier la physioth\u00e9rapie. En tant que personne [&hellip;]<\/p>\n","protected":false},"author":5,"featured_media":0,"parent":12,"menu_order":1,"comment_status":"closed","ping_status":"closed","template":"","meta":{"footnotes":""},"class_list":["post-223","page","type-page","status-publish","hentry"],"_links":{"self":[{"href":"https:\/\/physioatelier.ch\/fr\/wp-json\/wp\/v2\/pages\/223","targetHints":{"allow":["GET"]}}],"collection":[{"href":"https:\/\/physioatelier.ch\/fr\/wp-json\/wp\/v2\/pages"}],"about":[{"href":"https:\/\/physioatelier.ch\/fr\/wp-json\/wp\/v2\/types\/page"}],"author":[{"embeddable":true,"href":"https:\/\/physioatelier.ch\/fr\/wp-json\/wp\/v2\/users\/5"}],"replies":[{"embeddable":true,"href":"https:\/\/physioatelier.ch\/fr\/wp-json\/wp\/v2\/comments?post=223"}],"version-history":[{"count":27,"href":"https:\/\/physioatelier.ch\/fr\/wp-json\/wp\/v2\/pages\/223\/revisions"}],"predecessor-version":[{"id":912,"href":"https:\/\/physioatelier.ch\/fr\/wp-json\/wp\/v2\/pages\/223\/revisions\/912"}],"up":[{"embeddable":true,"href":"https:\/\/physioatelier.ch\/fr\/wp-json\/wp\/v2\/pages\/12"}],"wp:attachment":[{"href":"https:\/\/physioatelier.ch\/fr\/wp-json\/wp\/v2\/media?parent=223"}],"curies":[{"name":"wp","href":"https:\/\/api.w.org\/{rel}","templated":true}]}}