{"id":21,"date":"2021-04-03T07:24:54","date_gmt":"2021-04-03T07:24:54","guid":{"rendered":"http:\/\/physioatelier.ch\/?page_id=21"},"modified":"2025-07-01T13:42:51","modified_gmt":"2025-07-01T13:42:51","slug":"physiotherapie","status":"publish","type":"page","link":"https:\/\/physioatelier.ch\/fr\/services\/physiotherapie\/","title":{"rendered":"Physioth\u00e9rapie"},"content":{"rendered":"\n<p>La physioth\u00e9rapie est bas\u00e9e sur les sympt\u00f4mes et les restrictions fonctionnelles, de mouvement et d&#8217;activit\u00e9. Par le biais de questions et d&#8217;examens, des hypoth\u00e8ses sur la cause des plaintes sont formul\u00e9es et test\u00e9es de mani\u00e8re sp\u00e9cifique. La structure de traitement individuel est con\u00e7ue sur la base d\u2019un travail d&#8217;\u00e9quipe.<\/p>\n\n\n\n<p>La th\u00e9rapie comprend des mesures actives telles que des exercices ou un entra\u00eenement adapt\u00e9 et des mesures passives telles que la mobilisation des articulations, les techniques tissulaires, la stimulation du m\u00e9tabolisme, etc. Les ressources existantes du patient sont utilis\u00e9es por soutenir la th\u00e9rapie et mises en valeur dans le but de r\u00e9tablir, maintenir ou am\u00e9liorer la sant\u00e9 et la fonctionnalit\u00e9 de ce dernier.<\/p>\n\n\n\n<p>L\u2019\u00e9tude de physioth\u00e9rapie comprend tous les domaines de comp\u00e9tence. Gr\u00e2ce \u00e0 la formation continue, les mati\u00e8res sont approfondies, am\u00e9lior\u00e9es et reli\u00e9es entre elles apr\u00e8s l&#8217;obtention du dipl\u00f4me. Dans l&#8217;Atelier Physio, nous traitons tous les types de douleurs. Nous ne listons pas les indications. Si une th\u00e9rapie n&#8217;est pas efficace, nous vous orienterons vers d&#8217;autres m\u00e9thodes th\u00e9rapeutiques ou vous recommanderons une autre consultation m\u00e9dicale pour plus de pr\u00e9cisions sur le probl\u00e8me.<\/p>\n\n\n\n<p>La physioth\u00e9rapie sera factur\u00e9e par le biais l\u2019assurance de base, \u00e0 condition qu&#8217;une ordonnance a \u00e9t\u00e9 d\u00e9livr\u00e9e par le m\u00e9decin. Si le traitement n&#8217;est pas termin\u00e9 apr\u00e8s la premi\u00e8re prescription, une nouvelle prescription peut \u00eatre demand\u00e9e. En cas d&#8217;accident, nous demandons \u00e9galement un rapport d&#8217;accident de la part de votre assurance accident. Les s\u00e9ances de physioth\u00e9rapie peuvent \u00e9galement \u00eatre prises en tant que patient(e) payant(e) sans ordonnance ni rendez-vous chez le m\u00e9decin.<\/p>\n\n\n\n<p><strong>Prix en tant que patient(e) payant(e) :<\/strong><\/p>\n\n\n\n<ul class=\"wp-block-list\">\n<li>30min : 70.-<\/li>\n\n\n\n<li>60min : 140.-<\/li>\n<\/ul>\n\n\n\n<p>Pour la physioth\u00e9rapie sur ordonnance, les prix et les dur\u00e9es sont l\u00e9galement li\u00e9s aux tarifs de la caisse de maladie. La dur\u00e9e de la session est indiqu\u00e9e en ligne lors de la r\u00e9servation. Les frais administratifs n\u00e9cessaires sont compris dans le temps de th\u00e9rapie. En tant que patient(e) payant(e), il est possible de r\u00e9server une s\u00e9ance plus longue.<\/p>\n\n\n\n<figure class=\"wp-block-gallery has-nested-images columns-default is-cropped wp-block-gallery-1 is-layout-flex wp-block-gallery-is-layout-flex\">\n<figure class=\"wp-block-image size-large\"><img loading=\"lazy\" decoding=\"async\" width=\"683\" height=\"1024\" data-id=\"464\" src=\"https:\/\/physioatelier.ch\/fr\/wp-content\/uploads\/Physio_1-683x1024.jpg\" alt=\"\" class=\"wp-image-464\" srcset=\"https:\/\/physioatelier.ch\/fr\/wp-content\/uploads\/Physio_1-683x1024.jpg 683w, https:\/\/physioatelier.ch\/fr\/wp-content\/uploads\/Physio_1-200x300.jpg 200w, https:\/\/physioatelier.ch\/fr\/wp-content\/uploads\/Physio_1-768x1152.jpg 768w, https:\/\/physioatelier.ch\/fr\/wp-content\/uploads\/Physio_1-1024x1536.jpg 1024w, https:\/\/physioatelier.ch\/fr\/wp-content\/uploads\/Physio_1-1366x2048.jpg 1366w, https:\/\/physioatelier.ch\/fr\/wp-content\/uploads\/Physio_1.jpg 1633w\" sizes=\"auto, (max-width: 683px) 100vw, 683px\" \/><\/figure>\n\n\n\n<figure class=\"wp-block-image size-large\"><img loading=\"lazy\" decoding=\"async\" width=\"682\" height=\"1024\" data-id=\"466\" src=\"https:\/\/physioatelier.ch\/fr\/wp-content\/uploads\/Physio_3-682x1024.jpg\" alt=\"\" class=\"wp-image-466\" srcset=\"https:\/\/physioatelier.ch\/fr\/wp-content\/uploads\/Physio_3-682x1024.jpg 682w, https:\/\/physioatelier.ch\/fr\/wp-content\/uploads\/Physio_3-200x300.jpg 200w, https:\/\/physioatelier.ch\/fr\/wp-content\/uploads\/Physio_3-768x1152.jpg 768w, https:\/\/physioatelier.ch\/fr\/wp-content\/uploads\/Physio_3-1024x1536.jpg 1024w, https:\/\/physioatelier.ch\/fr\/wp-content\/uploads\/Physio_3-1365x2048.jpg 1365w, https:\/\/physioatelier.ch\/fr\/wp-content\/uploads\/Physio_3.jpg 1632w\" sizes=\"auto, (max-width: 682px) 100vw, 682px\" \/><\/figure>\n\n\n\n<figure class=\"wp-block-image size-large\"><img loading=\"lazy\" decoding=\"async\" width=\"683\" height=\"1024\" data-id=\"599\" src=\"https:\/\/physioatelier.ch\/fr\/wp-content\/uploads\/Physio_2-683x1024.jpg\" alt=\"\" class=\"wp-image-599\" srcset=\"https:\/\/physioatelier.ch\/fr\/wp-content\/uploads\/Physio_2-683x1024.jpg 683w, https:\/\/physioatelier.ch\/fr\/wp-content\/uploads\/Physio_2-200x300.jpg 200w, https:\/\/physioatelier.ch\/fr\/wp-content\/uploads\/Physio_2-768x1152.jpg 768w, https:\/\/physioatelier.ch\/fr\/wp-content\/uploads\/Physio_2-1024x1536.jpg 1024w, https:\/\/physioatelier.ch\/fr\/wp-content\/uploads\/Physio_2.jpg 1182w\" sizes=\"auto, (max-width: 683px) 100vw, 683px\" \/><\/figure>\n<\/figure>\n","protected":false},"excerpt":{"rendered":"<p>La physioth\u00e9rapie est bas\u00e9e sur les sympt\u00f4mes et les restrictions fonctionnelles, de mouvement et d&#8217;activit\u00e9. Par le biais de questions et d&#8217;examens, des hypoth\u00e8ses sur la cause des plaintes sont formul\u00e9es et test\u00e9es de mani\u00e8re sp\u00e9cifique. La structure de traitement individuel est con\u00e7ue sur la base d\u2019un travail d&#8217;\u00e9quipe. La th\u00e9rapie comprend des mesures actives [&hellip;]<\/p>\n","protected":false},"author":5,"featured_media":0,"parent":14,"menu_order":1,"comment_status":"closed","ping_status":"closed","template":"","meta":{"footnotes":""},"class_list":["post-21","page","type-page","status-publish","hentry"],"_links":{"self":[{"href":"https:\/\/physioatelier.ch\/fr\/wp-json\/wp\/v2\/pages\/21","targetHints":{"allow":["GET"]}}],"collection":[{"href":"https:\/\/physioatelier.ch\/fr\/wp-json\/wp\/v2\/pages"}],"about":[{"href":"https:\/\/physioatelier.ch\/fr\/wp-json\/wp\/v2\/types\/page"}],"author":[{"embeddable":true,"href":"https:\/\/physioatelier.ch\/fr\/wp-json\/wp\/v2\/users\/5"}],"replies":[{"embeddable":true,"href":"https:\/\/physioatelier.ch\/fr\/wp-json\/wp\/v2\/comments?post=21"}],"version-history":[{"count":6,"href":"https:\/\/physioatelier.ch\/fr\/wp-json\/wp\/v2\/pages\/21\/revisions"}],"predecessor-version":[{"id":919,"href":"https:\/\/physioatelier.ch\/fr\/wp-json\/wp\/v2\/pages\/21\/revisions\/919"}],"up":[{"embeddable":true,"href":"https:\/\/physioatelier.ch\/fr\/wp-json\/wp\/v2\/pages\/14"}],"wp:attachment":[{"href":"https:\/\/physioatelier.ch\/fr\/wp-json\/wp\/v2\/media?parent=21"}],"curies":[{"name":"wp","href":"https:\/\/api.w.org\/{rel}","templated":true}]}}