{"id":829,"date":"2023-04-07T10:12:52","date_gmt":"2023-04-07T10:12:52","guid":{"rendered":"https:\/\/physioatelier.ch\/de\/?page_id=829"},"modified":"2025-07-01T19:17:55","modified_gmt":"2025-07-01T19:17:55","slug":"mama-check-up","status":"publish","type":"page","link":"https:\/\/physioatelier.ch\/de\/services\/physiotherapie\/beckenbdentherapie\/mama-check-up\/","title":{"rendered":"Mama Check-Up"},"content":{"rendered":"<p>Der Mama Check-up ist f\u00fcr alle frisch gebackenen M\u00fctter ab 6 Wochen nach der Geburt. Ideal als Vorbereitung, w\u00e4hrend oder nach dem R\u00fcckbildungskurs. Die Untersuchung ist spezifisch und individuell, angepasste Massnahmen an die entsprechende Situation werden besprochen, Fragen werden gekl\u00e4rt.<\/p>\n<p>Die Termine k\u00f6nnen online gebucht werden. Es gilt als Physiotherapiesitzung und kann als Selbstzahlerin oder mit Verordnung gebucht werden.<\/p>\n<p><strong>Inhalt:<\/strong><\/p>\n<ul>\n<li>Befragung von Kontinenz, Geburtsverletzungen und aktuellen Beschwerden<\/li>\n<li>Vaginale Untersuchung Beckenboden<\/li>\n<li>Untersuchung Rectusdiastase<\/li>\n<li>Individuelle Empfehlung und Aufkl\u00e4rung f\u00fcr das weitere Prozedere (R\u00fcckbildungskurs, Beckenboden-Physiotherapie, zur\u00fcck zum Sport)<\/li>\n<\/ul>\n<p><strong>Preise:<\/strong><\/p>\n<ul>\n<li>Selbstzahlerin 60min: 140.-<\/li>\n<li>Auf Verordnung gelten die Tarifvorgaben der Krankenkasse<\/li>\n<\/ul>\n","protected":false},"excerpt":{"rendered":"<p>Der Mama Check-up ist f\u00fcr alle frisch gebackenen M\u00fctter ab 6 Wochen nach der Geburt. Ideal als Vorbereitung, w\u00e4hrend oder nach dem R\u00fcckbildungskurs. Die Untersuchung ist spezifisch und individuell, angepasste Massnahmen an die entsprechende Situation werden besprochen, Fragen werden gekl\u00e4rt. Die Termine k\u00f6nnen online gebucht werden. Es gilt als Physiotherapiesitzung und kann als Selbstzahlerin oder [&hellip;]<\/p>\n","protected":false},"author":5,"featured_media":0,"parent":30,"menu_order":2,"comment_status":"closed","ping_status":"closed","template":"","meta":{"footnotes":""},"class_list":["post-829","page","type-page","status-publish","hentry"],"_links":{"self":[{"href":"https:\/\/physioatelier.ch\/de\/wp-json\/wp\/v2\/pages\/829","targetHints":{"allow":["GET"]}}],"collection":[{"href":"https:\/\/physioatelier.ch\/de\/wp-json\/wp\/v2\/pages"}],"about":[{"href":"https:\/\/physioatelier.ch\/de\/wp-json\/wp\/v2\/types\/page"}],"author":[{"embeddable":true,"href":"https:\/\/physioatelier.ch\/de\/wp-json\/wp\/v2\/users\/5"}],"replies":[{"embeddable":true,"href":"https:\/\/physioatelier.ch\/de\/wp-json\/wp\/v2\/comments?post=829"}],"version-history":[{"count":7,"href":"https:\/\/physioatelier.ch\/de\/wp-json\/wp\/v2\/pages\/829\/revisions"}],"predecessor-version":[{"id":1139,"href":"https:\/\/physioatelier.ch\/de\/wp-json\/wp\/v2\/pages\/829\/revisions\/1139"}],"up":[{"embeddable":true,"href":"https:\/\/physioatelier.ch\/de\/wp-json\/wp\/v2\/pages\/30"}],"wp:attachment":[{"href":"https:\/\/physioatelier.ch\/de\/wp-json\/wp\/v2\/media?parent=829"}],"curies":[{"name":"wp","href":"https:\/\/api.w.org\/{rel}","templated":true}]}}