{"id":8,"date":"2021-04-03T07:19:59","date_gmt":"2021-04-03T07:19:59","guid":{"rendered":"http:\/\/physioatelier.ch\/?page_id=8"},"modified":"2025-06-12T12:21:07","modified_gmt":"2025-06-12T12:21:07","slug":"home","status":"publish","type":"page","link":"https:\/\/physioatelier.ch\/de\/","title":{"rendered":"Home"},"content":{"rendered":"<p class=\"has-text-align-center has-medium-font-size\"><strong>Herzlich Willkommen!<br><\/strong><\/p>\n<p class=\"has-text-align-center has-medium-font-size\">In unserer Praxis erwartet Sie ein vielf\u00e4ltiges Angebot an Dienstleistungen. Mit dem Ziel von langfristigen Erfolgen behandeln wir unsere Kundschaft individuell und ganzheitlich. Physio Atelier bietet konventionelle Physiotherapie mit verschiedenen Spezialgebieten, Komplement\u00e4rtherapien und Gruppenangeboten. Bei uns treffen Sie auf einen kreativen Raum f\u00fcr Therapien, Pilates und Begegnungen.<\/p>\n<p class=\"has-text-align-center has-medium-font-size\">Wir freuen uns auf Sie!<\/p>\n\n\n<p><\/p>\n\n\n<div class=\"div-custom-background-pad\">\n<p><strong>Termine buchen<\/strong><\/p>\n<p>Die Termine k\u00f6nnen bequem online gebucht werden. Um Folgetermine sicherzustellen, empfehlen wir, gleich mehrere Termine im Voraus zu reservieren, da es teilweise zu Wartezeiten kommen kann. Bitte beachten Sie, dass nicht rechtzeitig abgesagte Termine (mindestens 24 Stunden im Voraus) in Rechnung gestellt werden. Stornierungen sind ebenfalls online m\u00f6glich.<\/p>\n<p style=\"text-align: center;\"><a href=\"https:\/\/www.tbooking.ch\/de\/physio-atelier-gmbh\/2480-2717\" target=\"_blank\" rel=\"noopener\"><button type=\"button\" class=\"btn btn-secondary\">Termin jetzt buchen!<\/button><\/a><\/p>\n<\/div>\n<div class=\"div-custom-background-pad\">\n<p><strong>Kontakt<\/strong><\/p>\n<p>W\u00e4hrend der Therapiezeiten sind wir telefonisch schwer erreichbar. Termine k\u00f6nnen bequem online gebucht oder storniert werden \u2013 bitte nutzen Sie hierf\u00fcr unser Buchungssystem. Sollten Sie ein dringendes Anliegen haben, schreiben Sie uns bitte eine WhatsApp, SMS oder E-Mail mit Ihrem Namen, Ihrer Telefonnummer und Ihrem Anliegen.<\/p>\n<dl>\n<dt>Physio Atelier<\/dt>\n<dt>General-Dufour-Strasse 12<\/dt>\n<dt>2502 Biel<\/dt>\n<dt>Tel: 076 448 78 10 (WhatsApp\/SMS)<\/dt>\n<dt>Mail: sekretariat@physioatelier.ch<\/dt>\n<dt>Mail direkt an zust\u00e4ndige Therapeut:in: vorname.nachname@physioatelier.ch<\/dt>\n<\/dl>\n<\/div>\n<div class=\"div-custom-background-pad\">\n<p><strong>Lage \/ Wegbeschreibung<\/strong><\/p>\n<p>General-Dufour-Strasse 12 (Dufourpassage vis-\u00e0-vis Coop City und Restaurant Bigg&#8217;s) im 1. Stock, mit Lift oder Treppenhaus links neben den Liften.<\/p>\n<p>Auto: Parkm\u00f6glichkeiten befinden sich auf den \u00f6ffentlichen Parkpl\u00e4tzen hinter der Bushaltestelle Nidaugasse, im Parkhaus Coop City oder in der blauen Zone in den Nebenstrassen.<\/p>\n<p>\u00d6V: Zu Fuss 1 min von der Haltestelle Nidaugasse, 3 min von der Haltestelle Bibliothek oder Zentralplatz und 10 min vom Bahnhof Biel.<\/p>\n<p style=\"text-align: center;\"><iframe loading=\"lazy\" style=\"border: 0;\" src=\"https:\/\/www.google.com\/maps\/embed?pb=!1m18!1m12!1m3!1d2713.9443414016523!2d7.244842115614382!3d47.139356479156476!2m3!1f0!2f0!3f0!3m2!1i1024!2i768!4f13.1!3m3!1m2!1s0x478e194d06c325eb%3A0x21b8a8f4373b68f7!2sGeneral-Dufour-Strasse%2012%2C%202502%20Biel!5e0!3m2!1sde!2sch!4v1618170304009!5m2!1sde!2sch\" allowfullscreen=\"allowfullscreen\" width=\"100%\" height=\"450\"><\/iframe><\/p>\n<\/div>","protected":false},"excerpt":{"rendered":"<p>Herzlich Willkommen! In unserer Praxis erwartet Sie ein vielf\u00e4ltiges Angebot an Dienstleistungen. Mit dem Ziel von langfristigen Erfolgen behandeln wir unsere Kundschaft individuell und ganzheitlich. Physio Atelier bietet konventionelle Physiotherapie mit verschiedenen Spezialgebieten, Komplement\u00e4rtherapien und Gruppenangeboten. Bei uns treffen Sie auf einen kreativen Raum f\u00fcr Therapien, Pilates und Begegnungen. Wir freuen uns auf Sie! Termine [&hellip;]<\/p>\n","protected":false},"author":5,"featured_media":0,"parent":0,"menu_order":0,"comment_status":"closed","ping_status":"closed","template":"noheader.php","meta":{"footnotes":""},"class_list":["post-8","page","type-page","status-publish","hentry"],"_links":{"self":[{"href":"https:\/\/physioatelier.ch\/de\/wp-json\/wp\/v2\/pages\/8","targetHints":{"allow":["GET"]}}],"collection":[{"href":"https:\/\/physioatelier.ch\/de\/wp-json\/wp\/v2\/pages"}],"about":[{"href":"https:\/\/physioatelier.ch\/de\/wp-json\/wp\/v2\/types\/page"}],"author":[{"embeddable":true,"href":"https:\/\/physioatelier.ch\/de\/wp-json\/wp\/v2\/users\/5"}],"replies":[{"embeddable":true,"href":"https:\/\/physioatelier.ch\/de\/wp-json\/wp\/v2\/comments?post=8"}],"version-history":[{"count":78,"href":"https:\/\/physioatelier.ch\/de\/wp-json\/wp\/v2\/pages\/8\/revisions"}],"predecessor-version":[{"id":1135,"href":"https:\/\/physioatelier.ch\/de\/wp-json\/wp\/v2\/pages\/8\/revisions\/1135"}],"wp:attachment":[{"href":"https:\/\/physioatelier.ch\/de\/wp-json\/wp\/v2\/media?parent=8"}],"curies":[{"name":"wp","href":"https:\/\/api.w.org\/{rel}","templated":true}]}}