{"id":237,"date":"2021-04-03T21:54:21","date_gmt":"2021-04-03T21:54:21","guid":{"rendered":"https:\/\/physioatelier.ch\/?page_id=237"},"modified":"2025-12-09T15:16:32","modified_gmt":"2025-12-09T15:16:32","slug":"katharina-taraschewski","status":"publish","type":"page","link":"https:\/\/physioatelier.ch\/de\/about-us\/katharina-taraschewski\/","title":{"rendered":"Katharina Maurer"},"content":{"rendered":"\n<div class=\"div-custom-background\">\n<div class=\"wp-block-image\">\n<figure class=\"aligncenter size-large is-resized\">\n            <img fetchpriority=\"high\" decoding=\"async\" class=\"img-custom-single wp-image-186\" src=\"https:\/\/physioatelier.ch\/de\/wp-content\/uploads\/ProfilePictureKatharina.jpg\" alt=\"\" width=\"512\" height=\"384\"><\/figure>\n<\/div>\n<p>Geboren bin ich in Biel und in Ipsach aufgewachsen. Nach der Grundschule ging ich in Biel ins Gymnasium mit dem Schwerpunktfach Spanisch. Seit der Kindheit ist die Bewegung ein wichtiger Teil in meinem Leben. Mit vier Jahren begann ich mit der Rhythmischen Gymnastik und trainierte jahrelang im Bereich des Spitzensports im Regionalzentrum Bern. Sp\u00e4ter widmete ich mich dem Tanzen und choreografierte meine Auftritte f\u00fcr Expression Dance selbst. <\/p>\n<p>Aufgrund meiner kommunikativen und hilfsbereiten Art, war ein Beruf naheliegend, mit welchem ich den Menschen helfen und diese ebenfalls f\u00fcr Bewegung faszinieren kann. Bereits w\u00e4hrend der Ausbildung zur Physiotherapeutin begann ich mit der Pilatesausbildung. Seit mehreren Jahren unterrichte ich mit viel Freude verschiedene Pilatesstunden. Die Arbeit als Physiotherapeutin, die Spezialisierung in der Beckenbodentherapie und die Ausbildung zur APM Therapeutin (Akupunkturmassage nach Radloff) erg\u00e4nzen sich sehr gut und bringen mich meinem Ziel, den Menschen ganzheitlich und individuell behandeln zu k\u00f6nnen, immer n\u00e4her.<\/p>\n<p>Ich wohne mit meinem Mann und meiner Tochter in Nidau. Privat sind wir sehr gerne draussen, am Reisen oder zusammen mit Familie und Freunden.<\/p>\n<\/div>\n\n\n\n<p class=\"p-custom\">Ausbildungen \/ Weiterbildungen<\/p>\n\n\n\n<div class=\"content\">\n<hr>\n<div class=\"row\">\n<div class=\"col-sm-2\"><em>2023<\/em><\/div>\n<div class=\"col\">Energetische Osteopathie, LWS, ISG, Becken<br>Pilatesflowsausbildung nach Pascale Blunier R\u00fcckbildung und Schwangerschaft<\/div>\n<\/div>\n<hr>\n<div class=\"row\">\n<div class=\"col-sm-2\"><em>2022<\/em><\/div>\n<div class=\"col\">Wandlungsphasen APM Radloff, Sch\u00f6nenwerd<br>S\u00e4uglings- und Kleinkindbehandlung in der Akupunktur Massage nach Radloff<\/div>\n<\/div>\n\n<hr>\n<div class=\"row\">\n<div class=\"col-sm-2\"><em>2020-2022<\/em><\/div>\n<div class=\"col\">Akupunktur Massage nach Radloff, Sch\u00f6nenwerd (Abschluss Grundausbildung Mai 2022)<\/div>\n<\/div>\n\n\n<hr>\n<div class=\"row\">\n<div class=\"col-sm-2\"><em>2020<\/em><\/div>\n<div class=\"col\">Symposium Urogyn\u00e4kologie<br>Assistenz Pilatesflows Ausbildung nach Pascale Blunier f\u00fcr Instruktorinnen<\/div>\n<\/div>\n<hr>\n<div class=\"row\">\n<div class=\"col-sm-2\"><em>2019<\/em><\/div>\n<div class=\"col\">Anatomy Trains<\/div>\n<\/div>\n<hr>\n<div class=\"row\">\n<div class=\"col-sm-2\"><em>2018 \u2013 2019<\/em><\/div>\n<div class=\"col\">CAS Pelvic Physiotherapie, SOMT Interlaken<\/div>\n<\/div>\n<hr>\n<div class=\"row\">\n<div class=\"col-sm-2\"><em>2018<\/em><\/div>\n<div class=\"col\">Myofascial Release Grundkurs, PhysioBern<\/div>\n<\/div>\n<hr>\n<div class=\"row\">\n<div class=\"col-sm-2\"><em>2017<\/em><\/div>\n<div class=\"col\">Pilates Swiss Z\u00fcrich, Pilates Mat Class Basic<\/div>\n<\/div>\n<hr>\n<div class=\"row\">\n<div class=\"col-sm-2\"><em>2013 \u2013 2017<\/em><\/div>\n<div class=\"col\">Bachelor of Science in Physiotherapie, BFH<\/div>\n<\/div>\n<hr>\n<\/div>\n\n\n\n<p class=\"p-custom\">Arbeitsorte<\/p>\n\n\n\n<div class=\"content\">\n<hr>\n<div class=\"row\">\n<div class=\"col-sm-2\"><em>Seit 2021<\/em><\/div>\n<div class=\"col\">Gesch\u00e4ftsf\u00fchrerin und Physiotherapeutin im Physio Atelier, Biel<\/div>\n<\/div>\n<hr>\n<div class=\"row\">\n<div class=\"col-sm-2\"><em>2019 \u2013 2021<\/em><\/div>\n<div class=\"col\">physio8 \/ fitness8 \/ diagnostik8, Biel<\/div>\n<\/div>\n<hr>\n<div class=\"row\">\n<div class=\"col-sm-2\"><em>2017 \u2013 2019<\/em><\/div>\n<div class=\"col\">Spitalzentrum Biel<\/div>\n<\/div>\n<hr>\n<\/div>\n\n\n\n<p class=\"p-custom\">Sprachen<\/p>\n\n\n\n<div class=\"content\">\n<hr>\n<div class=\"row\">\n<div class=\"col-sm-2\"><em>Deutsch<\/em><\/div>\n<div class=\"col\">Muttersprache<\/div>\n<\/div>\n<hr>\n<div class=\"row\">\n<div class=\"col-sm-2\"><em>Franz\u00f6sisch<\/em><\/div>\n<div class=\"col\">fliessend<\/div>\n<\/div>\n<hr>\n<div class=\"row\">\n<div class=\"col-sm-2\"><em>Englisch<\/em><\/div>\n<div class=\"col\">fliessend<\/div>\n<\/div>\n<hr>\n<div class=\"row\">\n<div class=\"col-sm-2\"><em>Spanisch<\/em><\/div>\n<div class=\"col\">Grundlagen<\/div>\n<\/div>\n<hr>\n<\/div>\n","protected":false},"excerpt":{"rendered":"<p>Geboren bin ich in Biel und in Ipsach aufgewachsen. Nach der Grundschule ging ich in Biel ins Gymnasium mit dem Schwerpunktfach Spanisch. Seit der Kindheit ist die Bewegung ein wichtiger Teil in meinem Leben. Mit vier Jahren begann ich mit der Rhythmischen Gymnastik und trainierte jahrelang im Bereich des Spitzensports im Regionalzentrum Bern. Sp\u00e4ter widmete [&hellip;]<\/p>\n","protected":false},"author":5,"featured_media":0,"parent":12,"menu_order":1,"comment_status":"closed","ping_status":"closed","template":"","meta":{"footnotes":""},"class_list":["post-237","page","type-page","status-publish","hentry"],"_links":{"self":[{"href":"https:\/\/physioatelier.ch\/de\/wp-json\/wp\/v2\/pages\/237","targetHints":{"allow":["GET"]}}],"collection":[{"href":"https:\/\/physioatelier.ch\/de\/wp-json\/wp\/v2\/pages"}],"about":[{"href":"https:\/\/physioatelier.ch\/de\/wp-json\/wp\/v2\/types\/page"}],"author":[{"embeddable":true,"href":"https:\/\/physioatelier.ch\/de\/wp-json\/wp\/v2\/users\/5"}],"replies":[{"embeddable":true,"href":"https:\/\/physioatelier.ch\/de\/wp-json\/wp\/v2\/comments?post=237"}],"version-history":[{"count":40,"href":"https:\/\/physioatelier.ch\/de\/wp-json\/wp\/v2\/pages\/237\/revisions"}],"predecessor-version":[{"id":1156,"href":"https:\/\/physioatelier.ch\/de\/wp-json\/wp\/v2\/pages\/237\/revisions\/1156"}],"up":[{"embeddable":true,"href":"https:\/\/physioatelier.ch\/de\/wp-json\/wp\/v2\/pages\/12"}],"wp:attachment":[{"href":"https:\/\/physioatelier.ch\/de\/wp-json\/wp\/v2\/media?parent=237"}],"curies":[{"name":"wp","href":"https:\/\/api.w.org\/{rel}","templated":true}]}}