{"id":12,"date":"2021-04-03T07:21:18","date_gmt":"2021-04-03T07:21:18","guid":{"rendered":"http:\/\/physioatelier.ch\/?page_id=12"},"modified":"2024-10-10T04:25:05","modified_gmt":"2024-10-10T04:25:05","slug":"about-us","status":"publish","type":"page","link":"https:\/\/physioatelier.ch\/de\/about-us\/","title":{"rendered":"Team"},"content":{"rendered":"\n<p>Die Er\u00f6ffnung des Physio Ateliers war im Mai 2021.<\/p>\n\n\n\n<p>Wir haben uns zu zweit in die Selbst\u00e4ndigkeit gewagt und den Entscheid nie bereut. Charakterlich sind wir sehr verschieden, was uns als Team stark macht. Die Kombination aus spontanem Entscheiden, viel Intuition und \u00fcberlegtem Handeln erg\u00e4nzt sich sehr gut und erm\u00f6glicht es uns, Pl\u00e4ne und Vorhaben kreativ und professionell zu realisieren. Auf jeden Fall ist bei allen Projekten viel Herzblut dabei!<\/p>\n\n\n\n<p>Wir haben unser Team laufend erweitert und sind froh und dankbar, so gute Unterst\u00fctzung gefunden zu haben. <\/p>\n\n\n\n<p>Veronika Wenger &amp; Katharina Maurer<\/p>\n\n\n\n<figure class=\"wp-block-image size-full\"><img decoding=\"async\" src=\"http:\/\/physioatelier.ch\/de\/wp-content\/uploads\/Team.jpg\" alt=\"\" class=\"wp-image-903\"\/><\/figure>\n","protected":false},"excerpt":{"rendered":"<p>Die Er\u00f6ffnung des Physio Ateliers war im Mai 2021. Wir haben uns zu zweit in die Selbst\u00e4ndigkeit gewagt und den Entscheid nie bereut. Charakterlich sind wir sehr verschieden, was uns als Team stark macht. Die Kombination aus spontanem Entscheiden, viel Intuition und \u00fcberlegtem Handeln erg\u00e4nzt sich sehr gut und erm\u00f6glicht es uns, Pl\u00e4ne und Vorhaben [&hellip;]<\/p>\n","protected":false},"author":5,"featured_media":0,"parent":0,"menu_order":0,"comment_status":"closed","ping_status":"closed","template":"","meta":{"footnotes":""},"class_list":["post-12","page","type-page","status-publish","hentry"],"_links":{"self":[{"href":"https:\/\/physioatelier.ch\/de\/wp-json\/wp\/v2\/pages\/12","targetHints":{"allow":["GET"]}}],"collection":[{"href":"https:\/\/physioatelier.ch\/de\/wp-json\/wp\/v2\/pages"}],"about":[{"href":"https:\/\/physioatelier.ch\/de\/wp-json\/wp\/v2\/types\/page"}],"author":[{"embeddable":true,"href":"https:\/\/physioatelier.ch\/de\/wp-json\/wp\/v2\/users\/5"}],"replies":[{"embeddable":true,"href":"https:\/\/physioatelier.ch\/de\/wp-json\/wp\/v2\/comments?post=12"}],"version-history":[{"count":43,"href":"https:\/\/physioatelier.ch\/de\/wp-json\/wp\/v2\/pages\/12\/revisions"}],"predecessor-version":[{"id":1040,"href":"https:\/\/physioatelier.ch\/de\/wp-json\/wp\/v2\/pages\/12\/revisions\/1040"}],"wp:attachment":[{"href":"https:\/\/physioatelier.ch\/de\/wp-json\/wp\/v2\/media?parent=12"}],"curies":[{"name":"wp","href":"https:\/\/api.w.org\/{rel}","templated":true}]}}