{"id":1182,"date":"2026-02-12T20:47:47","date_gmt":"2026-02-12T20:47:47","guid":{"rendered":"https:\/\/physioatelier.ch\/de\/?page_id=1182"},"modified":"2026-02-12T20:47:47","modified_gmt":"2026-02-12T20:47:47","slug":"flavia-thomi","status":"publish","type":"page","link":"https:\/\/physioatelier.ch\/de\/about-us\/flavia-thomi\/","title":{"rendered":"Flavia Thomi"},"content":{"rendered":"<div class=\"div-custom-background\">\n<div class=\"wp-block-image\">\n<figure class=\"aligncenter size-large is-resized\">\n            <img loading=\"lazy\" decoding=\"async\" class=\"img-custom-single wp-image-186\" src=\"https:\/\/physioatelier.ch\/de\/wp-content\/uploads\/ProfilePictureFlavia\n.jpg\" alt=\"\" width=\"512\" height=\"384\"><br \/>\n        <\/figure>\n<\/p><\/div>\n<p>Geboren und aufgewachsen bin ich in Pratteln, Baselland. Schon fr\u00fch zeigte ich grosse Freude an Bewegung. Sp\u00e4ter wurde diese Bewegungsfreude erg\u00e4nzt durch einen Wissensdurst f\u00fcr Anatomie und Physiologie sowie dem Bed\u00fcrfnis, anderen Menschen zu helfen. Also war ein Physiotherapiestudium die einzig logische Entscheidung f\u00fcr mich.<\/p>\n<p>In einem Praktikum im Rahmen meines Studiums durfte ich die neurologische Physiotherapie in der Praxis kennen und sch\u00e4tzen lernen. Das Fachgebiet fasziniert mich immer wieder aufs Neue mit seiner Vielseitigkeit und Komplexit\u00e4t. Mit Weiterbildungen erweiterte ich mein Wissen. Der Forced Use Grundkurs begeisterte mich sehr und pr\u00e4gte meine Arbeit wesentlich.<\/p>\n<p>Es bereitet mir grosse Freude, mit Menschen auf ihre Ziele hin zu arbeiten. Die Vielfalt der Physiotherapie bietet stets neue Herausforderungen, an denen ich wachsen darf.<\/p>\n<p>Meine Freizeitaktivit\u00e4ten werden bis heute durch die anfangs erw\u00e4hnte Bewegungsfreude beeinflusst. Mein Lieblingsart mich zu bewegen bleibt dabei das Tanzen, dem ich seit meiner Kindheit mit grosser Leidenschaft nachgehe. Ansonsten bin ich sehr gerne im, unter und auf dem Wasser, jogge, fahre Velo, probiere immer wieder neue Sportarten aus und verbinde meine Aktivit\u00e4ten nach M\u00f6glichkeit auch gerne mit einem Kaffee mit Freund:innen.<\/p>\n<\/p>\n<\/div>\n<p class=\"p-custom\">Ausbildungen \/ Weiterbildungen<\/p>\n<div class=\"content\">\n<hr>\n<div class=\"row\">\n<div class=\"col-sm-2\"><em>2025<\/em><\/div>\n<div class=\"col\">Forced Use Therapie nach Utley\/Woll &#8211; Grundkurs (IFUSA)<\/div>\n<\/p><\/div>\n<hr>\n<div class=\"row\">\n<div class=\"col-sm-2\"><em>2024<\/em><\/div>\n<div class=\"col\">Manuelle Therapie bei Spastik und Hypertonus (IFUSA)<\/div>\n<\/p><\/div>\n<hr>\n<div class=\"row\">\n<div class=\"col-sm-2\"><em>2023<\/em><\/div>\n<div class=\"col\">Funktionelle Neuroanatomie und Neurophysiologie (Universit\u00e4t Basel)<\/div>\n<\/p><\/div>\n<hr>\n<div class=\"row\">\n<div class=\"col-sm-2\"><em>2022<\/em><\/div>\n<div class=\"col\">Ataxie (Rehastudy)<\/div>\n<\/p><\/div>\n<hr>\n<div class=\"row\">\n<div class=\"col-sm-2\"><em>2022<\/em><\/div>\n<div class=\"col\">ESP Themenkurs Fuss (Rehastudy)<\/div>\n<\/p><\/div>\n<hr>\n<div class=\"row\">\n<div class=\"col-sm-2\"><em>2022<\/em><\/div>\n<div class=\"col\">Spiraldynamik\u00ae Einf\u00fchrung: Gangschule &#8211; Beinachsen (Rehastudy)<\/div>\n<\/p><\/div>\n<hr>\n<div class=\"row\">\n<div class=\"col-sm-2\"><em>2017-2021<\/em><\/div>\n<div class=\"col\">Bachelor of Science in Physiotherapie, BFH<\/div>\n<\/p><\/div>\n<hr>\n<div class=\"row\">\n<div class=\"col-sm-2\"><em>2019<\/em><\/div>\n<div class=\"col\">Sportbetreuerin SSB (SART)<\/div>\n<\/p><\/div>\n<hr>\n<\/div>\n<p class=\"p-custom\">Arbeitsorte<\/p>\n<div class=\"content\">\n<hr>\n<div class=\"row\">\n<div class=\"col-sm-2\"><em>Seit 2026<\/em><\/div>\n<div class=\"col\">Physio Atelier, Biel<\/div>\n<\/p><\/div>\n<hr>\n<div class=\"row\">\n<div class=\"col-sm-2\"><em>2021-2026<\/em><\/div>\n<div class=\"col\">Rehaklinik Tschugg AG<\/div>\n<\/p><\/div>\n<hr>\n<\/div>\n<p class=\"p-custom\">Sprachen<\/p>\n<div class=\"content\">\n<hr>\n<div class=\"row\">\n<div class=\"col-sm-2\"><em>Deutsch<\/em><\/div>\n<div class=\"col\">Muttersprache<\/div>\n<\/p><\/div>\n<hr>\n<div class=\"row\">\n<div class=\"col-sm-2\"><em>Englisch<\/em><\/div>\n<div class=\"col\">Fliessend<\/div>\n<\/p><\/div>\n<hr>\n<div class=\"row\">\n<div class=\"col-sm-2\"><em>Franz\u00f6sisch<\/em><\/div>\n<div class=\"col\">Fliessend<\/div>\n<\/p><\/div>\n<hr>\n<\/div>\n","protected":false},"excerpt":{"rendered":"<p>Geboren und aufgewachsen bin ich in Pratteln, Baselland. Schon fr\u00fch zeigte ich grosse Freude an Bewegung. Sp\u00e4ter wurde diese Bewegungsfreude erg\u00e4nzt durch einen Wissensdurst f\u00fcr Anatomie und Physiologie sowie dem Bed\u00fcrfnis, anderen Menschen zu helfen. Also war ein Physiotherapiestudium die einzig logische Entscheidung f\u00fcr mich. In einem Praktikum im Rahmen meines Studiums durfte ich die [&hellip;]<\/p>\n","protected":false},"author":5,"featured_media":0,"parent":12,"menu_order":0,"comment_status":"closed","ping_status":"closed","template":"","meta":{"footnotes":""},"class_list":["post-1182","page","type-page","status-publish","hentry"],"_links":{"self":[{"href":"https:\/\/physioatelier.ch\/de\/wp-json\/wp\/v2\/pages\/1182","targetHints":{"allow":["GET"]}}],"collection":[{"href":"https:\/\/physioatelier.ch\/de\/wp-json\/wp\/v2\/pages"}],"about":[{"href":"https:\/\/physioatelier.ch\/de\/wp-json\/wp\/v2\/types\/page"}],"author":[{"embeddable":true,"href":"https:\/\/physioatelier.ch\/de\/wp-json\/wp\/v2\/users\/5"}],"replies":[{"embeddable":true,"href":"https:\/\/physioatelier.ch\/de\/wp-json\/wp\/v2\/comments?post=1182"}],"version-history":[{"count":1,"href":"https:\/\/physioatelier.ch\/de\/wp-json\/wp\/v2\/pages\/1182\/revisions"}],"predecessor-version":[{"id":1183,"href":"https:\/\/physioatelier.ch\/de\/wp-json\/wp\/v2\/pages\/1182\/revisions\/1183"}],"up":[{"embeddable":true,"href":"https:\/\/physioatelier.ch\/de\/wp-json\/wp\/v2\/pages\/12"}],"wp:attachment":[{"href":"https:\/\/physioatelier.ch\/de\/wp-json\/wp\/v2\/media?parent=1182"}],"curies":[{"name":"wp","href":"https:\/\/api.w.org\/{rel}","templated":true}]}}